{"id":702,"date":"2023-10-24T22:52:33","date_gmt":"2023-10-24T22:52:33","guid":{"rendered":"https:\/\/sunset-journeys.com\/?page_id=702"},"modified":"2025-05-06T12:06:21","modified_gmt":"2025-05-06T12:06:21","slug":"terms-and-conditions","status":"publish","type":"page","link":"https:\/\/sunset-journeys.com\/es\/terms-and-conditions\/","title":{"rendered":"T\u00c9RMINOS Y CONDICIONES"},"content":{"rendered":"<div data-elementor-type=\"wp-page\" data-elementor-id=\"702\" class=\"elementor elementor-702\" data-elementor-post-type=\"page\">\n\t\t\t\t\t\t<section class=\"elementor-section elementor-top-section elementor-element elementor-element-67372659 elementor-section-boxed elementor-section-height-default elementor-section-height-default\" data-id=\"67372659\" data-element_type=\"section\" data-e-type=\"section\" data-settings=\"{&quot;background_background&quot;:&quot;classic&quot;,&quot;shape_divider_top&quot;:&quot;mountains&quot;}\">\n\t\t\t\t\t<div class=\"elementor-shape elementor-shape-top\" aria-hidden=\"true\" data-negative=\"false\">\n\t\t\t<svg xmlns=\"http:\/\/www.w3.org\/2000\/svg\" viewbox=\"0 0 1000 100\" preserveaspectratio=\"none\">\n\t<path class=\"elementor-shape-fill\" opacity=\"0.33\" d=\"M473,67.3c-203.9,88.3-263.1-34-320.3,0C66,119.1,0,59.7,0,59.7V0h1000v59.7 c0,0-62.1,26.1-94.9,29.3c-32.8,3.3-62.8-12.3-75.8-22.1C806,49.6,745.3,8.7,694.9,4.7S492.4,59,473,67.3z\"\/>\n\t<path class=\"elementor-shape-fill\" opacity=\"0.66\" d=\"M734,67.3c-45.5,0-77.2-23.2-129.1-39.1c-28.6-8.7-150.3-10.1-254,39.1 s-91.7-34.4-149.2,0C115.7,118.3,0,39.8,0,39.8V0h1000v36.5c0,0-28.2-18.5-92.1-18.5C810.2,18.1,775.7,67.3,734,67.3z\"\/>\n\t<path class=\"elementor-shape-fill\" d=\"M766.1,28.9c-200-57.5-266,65.5-395.1,19.5C242,1.8,242,5.4,184.8,20.6C128,35.8,132.3,44.9,89.9,52.5C28.6,63.7,0,0,0,0 h1000c0,0-9.9,40.9-83.6,48.1S829.6,47,766.1,28.9z\"\/>\n<\/svg>\t\t<\/div>\n\t\t\t\t\t<div class=\"elementor-container elementor-column-gap-wide\">\n\t\t\t\t\t<div class=\"elementor-column elementor-col-100 elementor-top-column elementor-element elementor-element-3476b1f5\" data-id=\"3476b1f5\" data-element_type=\"column\" data-e-type=\"column\">\n\t\t\t<div class=\"elementor-widget-wrap elementor-element-populated\">\n\t\t\t\t\t\t\t<\/div>\n\t\t<\/div>\n\t\t\t\t\t<\/div>\n\t\t<\/section>\n\t\t\t\t<section class=\"elementor-section elementor-top-section elementor-element elementor-element-2a36602 elementor-section-boxed elementor-section-height-default elementor-section-height-default\" data-id=\"2a36602\" data-element_type=\"section\" data-e-type=\"section\">\n\t\t\t\t\t\t<div class=\"elementor-container elementor-column-gap-default\">\n\t\t\t\t\t<div class=\"elementor-column elementor-col-100 elementor-top-column elementor-element elementor-element-2a10999\" data-id=\"2a10999\" data-element_type=\"column\" data-e-type=\"column\">\n\t\t\t<div class=\"elementor-widget-wrap elementor-element-populated\">\n\t\t\t\t\t\t<div class=\"elementor-element elementor-element-2a3b810 elementor-widget elementor-widget-heading\" data-id=\"2a3b810\" data-element_type=\"widget\" data-e-type=\"widget\" data-widget_type=\"heading.default\">\n\t\t\t\t<div class=\"elementor-widget-container\">\n\t\t\t\t\t<h2 class=\"elementor-heading-title elementor-size-default\">Last updated: November 18th, 2023.<\/h2>\t\t\t\t<\/div>\n\t\t\t\t<\/div>\n\t\t\t\t<div class=\"elementor-element elementor-element-38e69eb elementor-widget elementor-widget-text-editor\" data-id=\"38e69eb\" data-element_type=\"widget\" data-e-type=\"widget\" data-widget_type=\"text-editor.default\">\n\t\t\t\t<div class=\"elementor-widget-container\">\n\t\t\t\t\t\t\t\t\t<p><strong> Introducci\u00f3n<\/strong><\/p>\n<p>Bienvenido a Sunset Journeys, una agencia de viajes l\u00edder en Dubai impulsada por Viajes Anita Travel Agency LLC. Estos T\u00e9rminos y Condiciones rigen el uso de nuestros servicios, sitio web y productos. Al comprometerse con Sunset Journeys, usted se compromete a cumplir con estos t\u00e9rminos. Por favor, l\u00e9alos atentamente.<\/p>\n<p><strong> Inscripciones y Reservas<\/strong><\/p>\n<ol>\n<li><strong>Admisibilidad<\/strong>: Para utilizar nuestros servicios, debe tener al menos 18 a\u00f1os o contar con el consentimiento de un tutor legal.<\/li>\n<li><strong>Precisi\u00f3n<\/strong>: Usted es responsable de proporcionar informaci\u00f3n precisa y completa al hacer la reserva. Cualquier discrepancia puede dar lugar a problemas de reserva.<\/li>\n<li><strong>Pago<\/strong>: Aceptamos pagos a trav\u00e9s de m\u00e9todos seguros. Usted se compromete a pagar todos los servicios reservados a trav\u00e9s de nuestra plataforma, incluidas las tasas o impuestos adicionales.<\/li>\n<\/ol>\n<p><strong> Disposiciones de viaje<\/strong><\/p>\n<ol>\n<li><strong>Confirmaci\u00f3n de Reserva<\/strong>: Una vez efectuada la reserva, le proporcionaremos una confirmaci\u00f3n de la misma. Por favor, rev\u00edsela detenidamente y notif\u00edquenos cualquier discrepancia.<\/li>\n<li><strong>Documentos de Viaje<\/strong>: Es su responsabilidad asegurarse de que dispone de los documentos de viaje necesarios, incluidos pasaportes, visados y certificados de vacunaci\u00f3n, seg\u00fan requiera su destino.<\/li>\n<li><strong>Cambios y Anulaciones<\/strong>: Los cambios o cancelaciones pueden estar sujetos a tasas o penalizaciones, seg\u00fan determinen nuestros socios de viajes y proveedores. Le informaremos de cualquier cargo aplicable.<\/li>\n<\/ol>\n<p><strong> Seguro de Viaje<\/strong><\/p>\n<p>Recomendamos encarecidamente contratar un seguro de viaje para protegerse de imprevistos, como cancelaciones de viaje, urgencias m\u00e9dicas y p\u00e9rdida de equipaje. Podemos ayudarle a encontrar opciones de seguro adecuadas.<\/p>\n<p><strong> Responsabilidad e Indemnizaci\u00f3n<\/strong><\/p>\n<ol>\n<li><strong>Limitaci\u00f3n de Responsabilidad<\/strong>: Sunset Journeys no se hace responsable de los da\u00f1os, p\u00e9rdidas o lesiones sufridos durante su viaje, salvo los causados por nuestra negligencia.<\/li>\n<li><strong>Indemnizaci\u00f3n<\/strong>: Usted acepta indemnizar y eximir a Sunset Journeys, sus empleados y afiliados de cualquier reclamaci\u00f3n, p\u00e9rdida o responsabilidad derivada del uso de nuestros servicios.<\/li>\n<\/ol>\n<p><strong> Privacidad<\/strong><\/p>\n<p>Respetamos su privacidad y tratamos su informaci\u00f3n personal de acuerdo con nuestra Pol\u00edtica de Privacidad. Al utilizar nuestros servicios, usted acepta nuestras pr\u00e1cticas en materia de datos.<\/p>\n<p><strong> Uso del sitio web<\/strong><\/p>\n<ol>\n<li><strong>Propiedad Intelectual<\/strong>: Nuestro sitio web y su contenido est\u00e1n protegidos por las leyes de propiedad intelectual. Queda prohibida la reproducci\u00f3n, distribuci\u00f3n o modificaci\u00f3n de cualquier contenido sin nuestro consentimiento por escrito.<\/li>\n<li><strong>Enlaces a Sitios Web de Terceros<\/strong>: Nuestro sitio web puede contener enlaces a sitios web de terceros. No somos responsables del contenido ni de las pr\u00e1cticas de privacidad de estos sitios.<\/li>\n<\/ol>\n<p><strong> Terminaci\u00f3n<\/strong><\/p>\n<p>Nos reservamos el derecho de terminar o suspender su acceso a nuestros servicios a nuestra discreci\u00f3n, sin previo aviso, si creemos que ha violado estos T\u00e9rminos y Condiciones.<\/p>\n<p><strong> Cont\u00e1ctenos<\/strong><\/p>\n<p>Si tiene alguna pregunta, duda o solicitud en relaci\u00f3n con estas Condiciones, p\u00f3ngase en contacto con nosotros a trav\u00e9s de los siguientes datos:<\/p>\n<p>Address: 1515 Surf Ave, Brooklyn, NY 11224 USA<\/p>\n<p>Direcci\u00f3n de correo electr\u00f3nico: <a href=\"mailto:support@sunset-journeys.com\" target=\"_blank\" rel=\"noopener noreferrer\" data-stringify-link=\"mailto:support@sunset-journeys.com\" data-sk=\"tooltip_parent\" aria-haspopup=\"menu\">support@sunset-journeys.com<\/a><\/p>\n<p><strong> Ley Aplicable y Jurisdicci\u00f3n<\/strong><\/p>\n<p>These Terms and Conditions are governed by the laws of USA. Any disputes arising from or relating to these terms will be subject to the exclusive jurisdiction of the courts of the USA.<\/p>\n<p><strong> Cambios en las T\u00e9rminos y Condiciones<\/strong><\/p>\n<p>Podemos actualizar estos T\u00e9rminos y Condiciones para reflejar cambios en nuestros servicios o por razones legales. Cualquier cambio ser\u00e1 publicado en nuestro sitio web. Por favor, revise estos t\u00e9rminos peri\u00f3dicamente para actualizaciones.<\/p>\n<p>Al utilizar los servicios de Sunset Journeys, usted acepta estos T\u00e9rminos y Condiciones y reconoce su comprensi\u00f3n de nuestras pol\u00edticas y procedimientos. Estamos comprometidos a proporcionarle experiencias de viaje excepcionales, y agradecemos su cooperaci\u00f3n en la adhesi\u00f3n a estos t\u00e9rminos.<\/p>\t\t\t\t\t\t\t\t<\/div>\n\t\t\t\t<\/div>\n\t\t\t\t\t<\/div>\n\t\t<\/div>\n\t\t\t\t\t<\/div>\n\t\t<\/section>\n\t\t\t\t<\/div>","protected":false},"excerpt":{"rendered":"<p>Last updated: November 18th, 2023. Introduction Welcome to Sunset Journeys, a leading Dubai travel agency powered by Viajes Anita Travel Agency LLC. These Terms and Conditions govern your use of our services, website, and products. By engaging with Sunset Journeys, you agree to abide by these terms. Please read them carefully. Booking and Reservations Eligibility: [&hellip;]<\/p>\n","protected":false},"author":2,"featured_media":0,"parent":0,"menu_order":0,"comment_status":"closed","ping_status":"closed","template":"elementor_header_footer","meta":{"footnotes":""},"class_list":["post-702","page","type-page","status-publish","hentry"],"_links":{"self":[{"href":"https:\/\/sunset-journeys.com\/es\/wp-json\/wp\/v2\/pages\/702","targetHints":{"allow":["GET"]}}],"collection":[{"href":"https:\/\/sunset-journeys.com\/es\/wp-json\/wp\/v2\/pages"}],"about":[{"href":"https:\/\/sunset-journeys.com\/es\/wp-json\/wp\/v2\/types\/page"}],"author":[{"embeddable":true,"href":"https:\/\/sunset-journeys.com\/es\/wp-json\/wp\/v2\/users\/2"}],"replies":[{"embeddable":true,"href":"https:\/\/sunset-journeys.com\/es\/wp-json\/wp\/v2\/comments?post=702"}],"version-history":[{"count":23,"href":"https:\/\/sunset-journeys.com\/es\/wp-json\/wp\/v2\/pages\/702\/revisions"}],"predecessor-version":[{"id":1072,"href":"https:\/\/sunset-journeys.com\/es\/wp-json\/wp\/v2\/pages\/702\/revisions\/1072"}],"wp:attachment":[{"href":"https:\/\/sunset-journeys.com\/es\/wp-json\/wp\/v2\/media?parent=702"}],"curies":[{"name":"wp","href":"https:\/\/api.w.org\/{rel}","templated":true}]}}