{"id":25,"date":"2023-10-22T21:29:41","date_gmt":"2023-10-22T21:29:41","guid":{"rendered":"https:\/\/sunset-journeys.com\/?post_type=product&#038;p=25"},"modified":"2023-10-25T23:54:05","modified_gmt":"2023-10-25T23:54:05","slug":"luxury-dubai-getaway","status":"publish","type":"product","link":"https:\/\/sunset-journeys.com\/es\/producto\/luxury-dubai-getaway\/","title":{"rendered":"Escapada de lujo a Dubai"},"content":{"rendered":"<p><strong>Itinerario:<\/strong><\/p>\n<p><strong>D\u00eda 1: Llegada a Dubai<\/strong><\/p>\n<ul>\n<li>Llegada al aeropuerto internacional de Dubai y traslado al Burj Al Arab.<\/li>\n<li>Reg\u00edstrese en su lujosa suite con impresionantes vistas al mar.<\/li>\n<li>Tarde libre para explorar las instalaciones del hotel.<\/li>\n<\/ul>\n<p><strong>D\u00eda 2: Dubai Mall y espect\u00e1culo de las fuentes<\/strong><\/p>\n<ul>\n<li>Desayuno en el hotel.<\/li>\n<li>Visite el Dubai Mall, uno de los mayores destinos de compras y ocio del mundo.<\/li>\n<li>Por la noche, asista al espectacular espect\u00e1culo de la Fuente de Dubai.<\/li>\n<li>Regreso al hotel para pasar la noche.<\/li>\n<\/ul>\n<p><strong>D\u00eda 3: Ocio o actividades opcionales<\/strong><\/p>\n<ul>\n<li>Disfrute de un d\u00eda de ocio en el hotel, deleit\u00e1ndose con tratamientos de spa o descansando junto a la piscina.<\/li>\n<li>Las actividades opcionales incluyen una excursi\u00f3n en helic\u00f3ptero o una visita al Burj Khalifa.<\/li>\n<li>Tarde libre para saborear una cena gourmet en el hotel.<\/li>\n<\/ul>\n<p><strong>D\u00eda 4: Salida<\/strong><\/p>\n<ul>\n<li>Desayuno en el hotel.<\/li>\n<li>Check-out y traslado al Aeropuerto Internacional de Dubai para su salida.<\/li>\n<\/ul>\n<p><strong>\u00bfQu\u00e9 incluye?<\/strong><\/p>\n<ul>\n<li>3 noches de alojamiento en el Burj Al Arab.<\/li>\n<li>Desayuno diario.<\/li>\n<li>Visita al centro comercial Dubai Mall y al espect\u00e1culo de la Fuente de Dubai.<\/li>\n<li>Traslados al aeropuerto.<\/li>\n<li>Servicio de conserjer\u00eda dedicado.<\/li>\n<\/ul>\n<p><strong>\u00bfQu\u00e9 no est\u00e1 incluido?<\/strong><\/p>\n<ul>\n<li>Vuelos desde y hacia Dubai.<\/li>\n<li>Actividades y excursiones opcionales.<\/li>\n<li>Comidas no mencionadas en el itinerario.<\/li>\n<\/ul>","protected":false},"excerpt":{"rendered":"<p><em>Duraci\u00f3n: 4 d\u00edas \/ 3 noches<\/em><\/p>\n<p>Experimente el ep\u00edtome del lujo en Dubai con nuestra exclusiva escapada. Al\u00f3jese en el emblem\u00e1tico Burj Al Arab, conocido por su opulencia y su servicio de categor\u00eda mundial. Su itinerario incluye una visita al Dubai Mall, donde podr\u00e1 presenciar el fascinante espect\u00e1culo de la Fuente de Dubai. Sum\u00e9rjase en la grandeza de los mejores alojamientos y atracciones de Dubai.<\/p>","protected":false},"featured_media":765,"template":"","meta":[],"product_brand":[],"product_cat":[17],"product_tag":[],"class_list":{"0":"post-25","1":"product","2":"type-product","3":"status-publish","4":"has-post-thumbnail","6":"product_cat-dubai-travel-plans","8":"first","9":"instock","10":"virtual","11":"taxable","12":"purchasable","13":"product-type-simple"},"_links":{"self":[{"href":"https:\/\/sunset-journeys.com\/es\/wp-json\/wp\/v2\/product\/25","targetHints":{"allow":["GET"]}}],"collection":[{"href":"https:\/\/sunset-journeys.com\/es\/wp-json\/wp\/v2\/product"}],"about":[{"href":"https:\/\/sunset-journeys.com\/es\/wp-json\/wp\/v2\/types\/product"}],"wp:featuredmedia":[{"embeddable":true,"href":"https:\/\/sunset-journeys.com\/es\/wp-json\/wp\/v2\/media\/765"}],"wp:attachment":[{"href":"https:\/\/sunset-journeys.com\/es\/wp-json\/wp\/v2\/media?parent=25"}],"wp:term":[{"taxonomy":"product_brand","embeddable":true,"href":"https:\/\/sunset-journeys.com\/es\/wp-json\/wp\/v2\/product_brand?post=25"},{"taxonomy":"product_cat","embeddable":true,"href":"https:\/\/sunset-journeys.com\/es\/wp-json\/wp\/v2\/product_cat?post=25"},{"taxonomy":"product_tag","embeddable":true,"href":"https:\/\/sunset-journeys.com\/es\/wp-json\/wp\/v2\/product_tag?post=25"}],"curies":[{"name":"wp","href":"https:\/\/api.w.org\/{rel}","templated":true}]}}