{"id":26,"date":"2023-10-22T21:30:55","date_gmt":"2023-10-22T21:30:55","guid":{"rendered":"https:\/\/sunset-journeys.com\/?post_type=product&#038;p=26"},"modified":"2023-10-25T23:53:35","modified_gmt":"2023-10-25T23:53:35","slug":"cultural-exploration","status":"publish","type":"product","link":"https:\/\/sunset-journeys.com\/es\/producto\/cultural-exploration\/","title":{"rendered":"Exploraci\u00f3n Cultural"},"content":{"rendered":"<p><strong>Itinerario:<\/strong><\/p>\n<p><strong>D\u00eda 1: Llegada a Dubai<\/strong><\/p>\n<ul>\n<li>Llegada al aeropuerto internacional de Dubai y registro en su hotel en el barrio de Al Fahidi.<\/li>\n<li>Explore las estrechas calles del barrio, las torres de viento y las tradicionales casas con patio.<\/li>\n<li>Alojamiento en un hotel hist\u00f3rico.<\/li>\n<\/ul>\n<p><strong>D\u00eda 2: Al Fahidi y Museo de Dubai<\/strong><\/p>\n<ul>\n<li>Desayuno en el hotel.<\/li>\n<li>Visite el Museo de Dubai, situado en el Fuerte Al Fahidi, que muestra la historia de la ciudad.<\/li>\n<li>Pasee por el hist\u00f3rico barrio de Al Bastakiya.<\/li>\n<li>Explore el vibrante Zoco de las Especias y el Zoco del Oro de Dubai.<\/li>\n<li>Regreso al hotel para pasar la noche.<\/li>\n<\/ul>\n<p><strong>D\u00eda 3: Salida<\/strong><\/p>\n<ul>\n<li>Desayuno en el hotel.<\/li>\n<li>Check-out y traslado al Aeropuerto Internacional de Dubai para su salida.<\/li>\n<\/ul>\n<p><strong>\u00bfQu\u00e9 incluye?<\/strong><\/p>\n<ul>\n<li>2 noches de alojamiento en un hotel hist\u00f3rico.<\/li>\n<li>Desayuno diario.<\/li>\n<li>Visitas guiadas al barrio de Al Fahidi y al Museo de Dubai.<\/li>\n<li>Traslados al aeropuerto.<\/li>\n<\/ul>\n<p><strong>\u00bfQu\u00e9 no est\u00e1 incluido?<\/strong><\/p>\n<ul>\n<li>Vuelos desde y hacia Dubai.<\/li>\n<li>Comidas no mencionadas en el itinerario.<\/li>\n<li>Gastos personales.<\/li>\n<\/ul>","protected":false},"excerpt":{"rendered":"<p><em>Duraci\u00f3n: 3 D\u00edas \/ 2 Noches<\/em><\/p>\n<p>Ad\u00e9ntrese en el rico patrimonio cultural de Dubai en esta inmersiva exploraci\u00f3n. Descubra el hist\u00f3rico barrio de Al Fahidi, donde sus sinuosas calles revelan la arquitectura tradicional emirat\u00ed. Visite el Museo de Dubai y descubra la fascinante historia de la ciudad. Este viaje es una mezcla perfecta de historia y cultura.<\/p>","protected":false},"featured_media":764,"template":"","meta":[],"product_brand":[],"product_cat":[17],"product_tag":[],"class_list":{"0":"post-26","1":"product","2":"type-product","3":"status-publish","4":"has-post-thumbnail","6":"product_cat-dubai-travel-plans","8":"first","9":"instock","10":"virtual","11":"taxable","12":"purchasable","13":"product-type-simple"},"_links":{"self":[{"href":"https:\/\/sunset-journeys.com\/es\/wp-json\/wp\/v2\/product\/26","targetHints":{"allow":["GET"]}}],"collection":[{"href":"https:\/\/sunset-journeys.com\/es\/wp-json\/wp\/v2\/product"}],"about":[{"href":"https:\/\/sunset-journeys.com\/es\/wp-json\/wp\/v2\/types\/product"}],"wp:featuredmedia":[{"embeddable":true,"href":"https:\/\/sunset-journeys.com\/es\/wp-json\/wp\/v2\/media\/764"}],"wp:attachment":[{"href":"https:\/\/sunset-journeys.com\/es\/wp-json\/wp\/v2\/media?parent=26"}],"wp:term":[{"taxonomy":"product_brand","embeddable":true,"href":"https:\/\/sunset-journeys.com\/es\/wp-json\/wp\/v2\/product_brand?post=26"},{"taxonomy":"product_cat","embeddable":true,"href":"https:\/\/sunset-journeys.com\/es\/wp-json\/wp\/v2\/product_cat?post=26"},{"taxonomy":"product_tag","embeddable":true,"href":"https:\/\/sunset-journeys.com\/es\/wp-json\/wp\/v2\/product_tag?post=26"}],"curies":[{"name":"wp","href":"https:\/\/api.w.org\/{rel}","templated":true}]}}