{"id":29,"date":"2023-10-22T21:33:02","date_gmt":"2023-10-22T21:33:02","guid":{"rendered":"https:\/\/sunset-journeys.com\/?post_type=product&#038;p=29"},"modified":"2023-10-25T23:52:40","modified_gmt":"2023-10-25T23:52:40","slug":"family-friendly-vacation","status":"publish","type":"product","link":"https:\/\/sunset-journeys.com\/es\/producto\/family-friendly-vacation\/","title":{"rendered":"Vacaciones en Familia"},"content":{"rendered":"<p><strong>Itinerario:<\/strong><\/p>\n<p><strong>D\u00eda 1: Llegada a Dubai<\/strong><\/p>\n<ul>\n<li>Llegada al aeropuerto internacional de Dubai y traslado a su hotel familiar.<\/li>\n<li>Reg\u00edstrese y rel\u00e1jese despu\u00e9s del viaje.<\/li>\n<\/ul>\n<p><strong>D\u00eda 2: LEGOLAND Dubai<\/strong><\/p>\n<ul>\n<li>Desayuno en el hotel.<\/li>\n<li>Visite LEGOLAND Dubai, donde los ni\u00f1os pueden disfrutar de emocionantes atracciones y experiencias creativas.<\/li>\n<li>Regreso al hotel para pasar la noche.<\/li>\n<\/ul>\n<p><strong>D\u00eda 3: Parques y complejos tur\u00edsticos de Dubai<\/strong><\/p>\n<ul>\n<li>Desayuno en el hotel.<\/li>\n<li>Pase el d\u00eda en Dubai Parks and Resorts, sede de Motiongate Dubai, Bollywood Parks Dubai y mucho m\u00e1s.<\/li>\n<li>Regreso al hotel para pasar la noche.<\/li>\n<\/ul>\n<p><strong>D\u00eda 4: Acuario y zoo submarino de Dubai<\/strong><\/p>\n<ul>\n<li>Desayuno en el hotel.<\/li>\n<li>Visite el Acuario y el Zoo Submarino de Dubai en el Dubai Mall.<\/li>\n<li>Explore las opciones de entretenimiento del centro comercial y disfrute de las compras.<\/li>\n<li>Alojamiento en el hotel.<\/li>\n<\/ul>\n<p><strong>D\u00eda 5: Salida<\/strong><\/p>\n<ul>\n<li>Desayuno en el hotel.<\/li>\n<li>Check-out y traslado al Aeropuerto Internacional de Dubai para su salida.<\/li>\n<\/ul>\n<p><strong>Qu\u00e9 incluye:<\/strong><\/p>\n<ul>\n<li>4 noches de alojamiento para familias.<\/li>\n<li>Desayuno diario.<\/li>\n<li>Entrada a LEGOLAND Dubai y a Dubai Parks and Resorts.<\/li>\n<li>Visita al acuario y al zoo submarino de Dubai.<\/li>\n<li>Traslados al aeropuerto.<\/li>\n<\/ul>\n<p><strong>Lo que no est\u00e1 incluido:<\/strong><\/p>\n<ul>\n<li>Vuelos desde y hacia Dubai.<\/li>\n<li>Comidas no mencionadas en el itinerario.<\/li>\n<li>Gastos personales.<\/li>\n<\/ul>","protected":false},"excerpt":{"rendered":"<p><em>Duraci\u00f3n: 5 d\u00edas \/ 4 noches<\/em><\/p>\n<p>Cree recuerdos entra\u00f1ables en familia en Dubai con nuestro paquete de vacaciones para toda la familia. Visite LEGOLAND Dubai y Dubai Parks and Resorts para disfrutar de un d\u00eda de aventuras llenas de diversi\u00f3n. Explore las maravillas del Acuario y el Zoo Submarino de Dubai. Este itinerario est\u00e1 dise\u00f1ado para deleitar a todos los miembros de la familia.<\/p>\n<p><strong>**Precio por persona.<\/strong><\/p>","protected":false},"featured_media":762,"template":"","meta":[],"product_brand":[],"product_cat":[17],"product_tag":[],"class_list":{"0":"post-29","1":"product","2":"type-product","3":"status-publish","4":"has-post-thumbnail","6":"product_cat-dubai-travel-plans","8":"first","9":"instock","10":"virtual","11":"taxable","12":"purchasable","13":"product-type-simple"},"_links":{"self":[{"href":"https:\/\/sunset-journeys.com\/es\/wp-json\/wp\/v2\/product\/29","targetHints":{"allow":["GET"]}}],"collection":[{"href":"https:\/\/sunset-journeys.com\/es\/wp-json\/wp\/v2\/product"}],"about":[{"href":"https:\/\/sunset-journeys.com\/es\/wp-json\/wp\/v2\/types\/product"}],"wp:featuredmedia":[{"embeddable":true,"href":"https:\/\/sunset-journeys.com\/es\/wp-json\/wp\/v2\/media\/762"}],"wp:attachment":[{"href":"https:\/\/sunset-journeys.com\/es\/wp-json\/wp\/v2\/media?parent=29"}],"wp:term":[{"taxonomy":"product_brand","embeddable":true,"href":"https:\/\/sunset-journeys.com\/es\/wp-json\/wp\/v2\/product_brand?post=29"},{"taxonomy":"product_cat","embeddable":true,"href":"https:\/\/sunset-journeys.com\/es\/wp-json\/wp\/v2\/product_cat?post=29"},{"taxonomy":"product_tag","embeddable":true,"href":"https:\/\/sunset-journeys.com\/es\/wp-json\/wp\/v2\/product_tag?post=29"}],"curies":[{"name":"wp","href":"https:\/\/api.w.org\/{rel}","templated":true}]}}