{"id":30,"date":"2023-10-22T21:34:14","date_gmt":"2023-10-22T21:34:14","guid":{"rendered":"https:\/\/sunset-journeys.com\/?post_type=product&#038;p=30"},"modified":"2023-10-25T23:52:05","modified_gmt":"2023-10-25T23:52:05","slug":"romantic-getaway","status":"publish","type":"product","link":"https:\/\/sunset-journeys.com\/es\/producto\/romantic-getaway\/","title":{"rendered":"Escapada Rom\u00e1ntica"},"content":{"rendered":"<p><strong>Itinerario:<\/strong><\/p>\n<p><strong>D\u00eda 1: Llegada a Dubai<\/strong><\/p>\n<ul>\n<li>Llegada al aeropuerto internacional de Dubai y traslado a su rom\u00e1ntico hotel.<\/li>\n<li>Reg\u00edstrese y rel\u00e1jese en su rom\u00e1ntico alojamiento.<\/li>\n<\/ul>\n<p><strong>D\u00eda 2: Crucero al atardecer y cena privada en el desierto<\/strong><\/p>\n<ul>\n<li>Desayuno en el hotel.<\/li>\n<li>Disfrute de un rom\u00e1ntico crucero al atardecer por el puerto deportivo de Dubai.<\/li>\n<li>Comparta una cena privada bajo el cielo estrellado del desierto.<\/li>\n<li>Regrese a su hotel para pasar una rom\u00e1ntica noche.<\/li>\n<\/ul>\n<p><strong>D\u00eda 3: Salida<\/strong><\/p>\n<ul>\n<li>Desayuno en el hotel.<\/li>\n<li>Check-out y traslado al Aeropuerto Internacional de Dubai para su salida.<\/li>\n<\/ul>\n<p><strong>\u00bfQu\u00e9 incluye?<\/strong><\/p>\n<ul>\n<li>2 noches de alojamiento rom\u00e1ntico.<\/li>\n<li>Desayuno diario.<\/li>\n<li>Crucero al atardecer por el puerto deportivo de Dubai.<\/li>\n<li>Cena privada en el desierto.<\/li>\n<li>Traslados al aeropuerto.<\/li>\n<\/ul>\n<p><strong>\u00bfQu\u00e9 no est\u00e1 incluido?<\/strong><\/p>\n<ul>\n<li>Vuelos desde y hacia Dubai.<\/li>\n<li>Comidas no mencionadas en el itinerario.<\/li>\n<li>Gastos personales.<\/li>\n<\/ul>","protected":false},"excerpt":{"rendered":"<p><em>Duraci\u00f3n: 3 D\u00edas \/ 2 Noches<\/em><\/p>\n<p>Esc\u00e1pese a Dubai con su pareja para disfrutar de un retiro rom\u00e1ntico. Disfrute de un crucero al atardecer por el puerto deportivo de Dubai, que ofrece impresionantes vistas del perfil de la ciudad. Comparta una cena privada en el sereno desierto, creando juntos momentos inolvidables.<\/p>\n<p><strong>**Precio por persona.<\/strong><\/p>","protected":false},"featured_media":761,"template":"","meta":[],"product_brand":[],"product_cat":[17],"product_tag":[],"class_list":{"0":"post-30","1":"product","2":"type-product","3":"status-publish","4":"has-post-thumbnail","6":"product_cat-dubai-travel-plans","8":"first","9":"instock","10":"virtual","11":"taxable","12":"purchasable","13":"product-type-simple"},"_links":{"self":[{"href":"https:\/\/sunset-journeys.com\/es\/wp-json\/wp\/v2\/product\/30","targetHints":{"allow":["GET"]}}],"collection":[{"href":"https:\/\/sunset-journeys.com\/es\/wp-json\/wp\/v2\/product"}],"about":[{"href":"https:\/\/sunset-journeys.com\/es\/wp-json\/wp\/v2\/types\/product"}],"wp:featuredmedia":[{"embeddable":true,"href":"https:\/\/sunset-journeys.com\/es\/wp-json\/wp\/v2\/media\/761"}],"wp:attachment":[{"href":"https:\/\/sunset-journeys.com\/es\/wp-json\/wp\/v2\/media?parent=30"}],"wp:term":[{"taxonomy":"product_brand","embeddable":true,"href":"https:\/\/sunset-journeys.com\/es\/wp-json\/wp\/v2\/product_brand?post=30"},{"taxonomy":"product_cat","embeddable":true,"href":"https:\/\/sunset-journeys.com\/es\/wp-json\/wp\/v2\/product_cat?post=30"},{"taxonomy":"product_tag","embeddable":true,"href":"https:\/\/sunset-journeys.com\/es\/wp-json\/wp\/v2\/product_tag?post=30"}],"curies":[{"name":"wp","href":"https:\/\/api.w.org\/{rel}","templated":true}]}}