{"id":31,"date":"2023-10-22T21:36:19","date_gmt":"2023-10-22T21:36:19","guid":{"rendered":"https:\/\/sunset-journeys.com\/?post_type=product&#038;p=31"},"modified":"2023-10-26T23:35:41","modified_gmt":"2023-10-26T23:35:41","slug":"adventure-in-hatta","status":"publish","type":"product","link":"https:\/\/sunset-journeys.com\/es\/producto\/adventure-in-hatta\/","title":{"rendered":"Aventura en Hatta"},"content":{"rendered":"<p><strong>Itinerario:<\/strong><\/p>\n<p><strong>D\u00eda 1: Llegada a Hatta<\/strong><\/p>\n<ul>\n<li>Llegada a Hatta, una encantadora ciudad monta\u00f1osa de Dubai.<\/li>\n<li>Reg\u00edstrese en su estaci\u00f3n de monta\u00f1a.<\/li>\n<li>Explore la belleza natural de Hatta y sus alrededores.<\/li>\n<li>Alojamiento en el complejo.<\/li>\n<\/ul>\n<p><strong>D\u00eda 2: Aventuras en Hatta<\/strong><\/p>\n<ul>\n<li>Desayuno en el complejo.<\/li>\n<li>Pruebe a navegar en kayak por la presa de Hatta, rodeada de monta\u00f1as.<\/li>\n<li>Recorra en bicicleta de monta\u00f1a los escarpados terrenos de Hatta.<\/li>\n<li>Regrese a Dubai con recuerdos estimulantes.<\/li>\n<\/ul>\n<p><strong>Qu\u00e9 incluye:<\/strong><\/p>\n<ul>\n<li>1 noche de alojamiento en una estaci\u00f3n de monta\u00f1a.<\/li>\n<li>Desayuno en el complejo.<\/li>\n<li>Kayak en la presa de Hatta.<\/li>\n<li>Experiencia en bicicleta de monta\u00f1a.<\/li>\n<li>Traslados desde y hasta Hatta.<\/li>\n<\/ul>\n<p><strong>Lo que no est\u00e1 incluido:<\/strong><\/p>\n<ul>\n<li>Vuelos desde y hacia Dubai.<\/li>\n<li>Comidas no mencionadas en el itinerario.<\/li>\n<li>Gastos personales.<\/li>\n<\/ul>","protected":false},"excerpt":{"rendered":"<p><em>Duraci\u00f3n: 2 d\u00edas \/ 1 noche<\/em><\/p>\n<p>Emb\u00e1rquese en una aventura por las pintorescas monta\u00f1as de Hatta y la presa de Hatta. Explore los impresionantes paisajes naturales, pruebe el kayak en la presa de Hatta y disfrute del ciclismo de monta\u00f1a por terrenos escarpados. Esta escapada es perfecta para los amantes de la naturaleza y la aventura.<\/p>","protected":false},"featured_media":745,"template":"","meta":[],"product_brand":[],"product_cat":[17],"product_tag":[],"class_list":{"0":"post-31","1":"product","2":"type-product","3":"status-publish","4":"has-post-thumbnail","6":"product_cat-dubai-travel-plans","8":"first","9":"instock","10":"virtual","11":"taxable","12":"purchasable","13":"product-type-simple"},"_links":{"self":[{"href":"https:\/\/sunset-journeys.com\/es\/wp-json\/wp\/v2\/product\/31","targetHints":{"allow":["GET"]}}],"collection":[{"href":"https:\/\/sunset-journeys.com\/es\/wp-json\/wp\/v2\/product"}],"about":[{"href":"https:\/\/sunset-journeys.com\/es\/wp-json\/wp\/v2\/types\/product"}],"wp:featuredmedia":[{"embeddable":true,"href":"https:\/\/sunset-journeys.com\/es\/wp-json\/wp\/v2\/media\/745"}],"wp:attachment":[{"href":"https:\/\/sunset-journeys.com\/es\/wp-json\/wp\/v2\/media?parent=31"}],"wp:term":[{"taxonomy":"product_brand","embeddable":true,"href":"https:\/\/sunset-journeys.com\/es\/wp-json\/wp\/v2\/product_brand?post=31"},{"taxonomy":"product_cat","embeddable":true,"href":"https:\/\/sunset-journeys.com\/es\/wp-json\/wp\/v2\/product_cat?post=31"},{"taxonomy":"product_tag","embeddable":true,"href":"https:\/\/sunset-journeys.com\/es\/wp-json\/wp\/v2\/product_tag?post=31"}],"curies":[{"name":"wp","href":"https:\/\/api.w.org\/{rel}","templated":true}]}}