{"id":32,"date":"2023-10-22T21:37:01","date_gmt":"2023-10-22T21:37:01","guid":{"rendered":"https:\/\/sunset-journeys.com\/?post_type=product&#038;p=32"},"modified":"2023-10-25T23:51:35","modified_gmt":"2023-10-25T23:51:35","slug":"shopping-extravaganza","status":"publish","type":"product","link":"https:\/\/sunset-journeys.com\/es\/producto\/shopping-extravaganza\/","title":{"rendered":"Extravagancia de Compras"},"content":{"rendered":"<p><strong>Itinerario:<\/strong><\/p>\n<p><strong>D\u00eda 1: Llegada a Dubai<\/strong><\/p>\n<ul>\n<li>Llegada al aeropuerto internacional de Dubai y traslado al hotel.<\/li>\n<li>Reg\u00edstrese y refr\u00e9squese.<\/li>\n<\/ul>\n<p><strong>D\u00eda 2: Zoco del Oro, Zoco de las Especias y Mall of the Emirates<\/strong><\/p>\n<ul>\n<li>Desayuno en el hotel.<\/li>\n<li>Visite el hist\u00f3rico Zoco del Oro y el Zoco de las Especias para vivir experiencias de compra \u00fanicas.<\/li>\n<li>Explore el Mall of the Emirates, con boutiques de lujo y entretenimiento.<\/li>\n<li>Alojamiento en el hotel.<\/li>\n<\/ul>\n<p><strong>D\u00eda 3: Ocio y salida<\/strong><\/p>\n<ul>\n<li>Desayuno en el hotel.<\/li>\n<li>Disfrute de una ma\u00f1ana tranquila para hacer compras de \u00faltima hora o relajarse.<\/li>\n<li>Check-out y traslado al Aeropuerto Internacional de Dubai para su salida.<\/li>\n<\/ul>\n<p><strong>\u00bfQu\u00e9 incluye?<\/strong><\/p>\n<ul>\n<li>2 noches de alojamiento en un hotel c\u00e9ntrico.<\/li>\n<li>Desayuno diario.<\/li>\n<li>Visita guiada al Zoco del Oro y al Zoco de las Especias.<\/li>\n<li>Tiempo libre para compras en el Mall of the Emirates.<\/li>\n<li>Traslados al aeropuerto.<\/li>\n<\/ul>\n<p><strong>\u00bfQu\u00e9 no est\u00e1 incluido?<\/strong><\/p>\n<ul>\n<li>Vuelos desde y hacia Dubai.<\/li>\n<li>Comidas no mencionadas en el itinerario.<\/li>\n<li>Gastos personales.<\/li>\n<\/ul>","protected":false},"excerpt":{"rendered":"<p><em>Duraci\u00f3n: 3 D\u00edas \/ 2 Noches<\/em><\/p>\n<p>Dese el capricho de ir de compras en Dubai, un para\u00edso para los adictos a las compras. Explore el vibrante Zoco del Oro y el Zoco de las Especias, donde podr\u00e1 regatear por tesoros. Descubra las compras de lujo en el Mall of the Emirates, donde encontrar\u00e1 marcas y boutiques de renombre mundial.<\/p>","protected":false},"featured_media":760,"template":"","meta":[],"product_brand":[],"product_cat":[17],"product_tag":[],"class_list":{"0":"post-32","1":"product","2":"type-product","3":"status-publish","4":"has-post-thumbnail","6":"product_cat-dubai-travel-plans","8":"first","9":"instock","10":"virtual","11":"taxable","12":"purchasable","13":"product-type-simple"},"_links":{"self":[{"href":"https:\/\/sunset-journeys.com\/es\/wp-json\/wp\/v2\/product\/32","targetHints":{"allow":["GET"]}}],"collection":[{"href":"https:\/\/sunset-journeys.com\/es\/wp-json\/wp\/v2\/product"}],"about":[{"href":"https:\/\/sunset-journeys.com\/es\/wp-json\/wp\/v2\/types\/product"}],"wp:featuredmedia":[{"embeddable":true,"href":"https:\/\/sunset-journeys.com\/es\/wp-json\/wp\/v2\/media\/760"}],"wp:attachment":[{"href":"https:\/\/sunset-journeys.com\/es\/wp-json\/wp\/v2\/media?parent=32"}],"wp:term":[{"taxonomy":"product_brand","embeddable":true,"href":"https:\/\/sunset-journeys.com\/es\/wp-json\/wp\/v2\/product_brand?post=32"},{"taxonomy":"product_cat","embeddable":true,"href":"https:\/\/sunset-journeys.com\/es\/wp-json\/wp\/v2\/product_cat?post=32"},{"taxonomy":"product_tag","embeddable":true,"href":"https:\/\/sunset-journeys.com\/es\/wp-json\/wp\/v2\/product_tag?post=32"}],"curies":[{"name":"wp","href":"https:\/\/api.w.org\/{rel}","templated":true}]}}