{"id":34,"date":"2023-10-22T21:38:09","date_gmt":"2023-10-22T21:38:09","guid":{"rendered":"https:\/\/sunset-journeys.com\/?post_type=product&#038;p=34"},"modified":"2023-10-25T23:51:04","modified_gmt":"2023-10-25T23:51:04","slug":"golfing-retreat","status":"publish","type":"product","link":"https:\/\/sunset-journeys.com\/es\/producto\/golfing-retreat\/","title":{"rendered":"Retiro de Golf"},"content":{"rendered":"<p><strong>Itinerario:<\/strong><\/p>\n<p><strong>D\u00eda 1: Llegada a Dubai<\/strong><\/p>\n<ul>\n<li>Llegada al aeropuerto internacional de Dubai y traslado a su complejo de golf.<\/li>\n<li>Reg\u00edstrese y rel\u00e1jese a su aire.<\/li>\n<\/ul>\n<p><strong>D\u00eda 2: Golf en el Emirates Golf Club<\/strong><\/p>\n<ul>\n<li>Desayuno en el complejo.<\/li>\n<li>D\u00e9 el primer golpe en el famoso Emirates Golf Club, sede del Dubai Desert Classic.<\/li>\n<li>Disfrute de una partida de golf en un entorno impresionante.<\/li>\n<li>Regrese al complejo para relajarse y disfrutar de los tratamientos del spa.<\/li>\n<li>Alojamiento en el complejo.<\/li>\n<\/ul>\n<p><strong>D\u00eda 3: Spa y Ocio<\/strong><\/p>\n<ul>\n<li>Desayuno en el complejo.<\/li>\n<li>Explore las instalaciones del complejo u opte por un tratamiento de spa.<\/li>\n<li>Disfrute de otra partida de golf o pase el d\u00eda a su aire.<\/li>\n<li>Alojamiento en el complejo.<\/li>\n<\/ul>\n<p><strong>D\u00eda 4: Salida<\/strong><\/p>\n<ul>\n<li>Desayuno en el complejo.<\/li>\n<li>Check-out y traslado al Aeropuerto Internacional de Dubai para su salida.<\/li>\n<\/ul>\n<p><strong>\u00bfQu\u00e9 incluye?<\/strong><\/p>\n<ul>\n<li>3 noches de alojamiento en un complejo de golf.<\/li>\n<li>Desayuno diario.<\/li>\n<li>Experiencia de golf en el Emirates Golf Club.<\/li>\n<li>Tratamientos de spa en el complejo.<\/li>\n<li>Traslados al aeropuerto.<\/li>\n<\/ul>\n<p><strong>\u00bfQu\u00e9 no est\u00e1 incluido?<\/strong><\/p>\n<ul>\n<li>Vuelos desde y hacia Dubai.<\/li>\n<li>Comidas no mencionadas en el itinerario.<\/li>\n<li>Gastos personales.<\/li>\n<\/ul>","protected":false},"excerpt":{"rendered":"<p><em>Duraci\u00f3n: 4 d\u00edas \/ 3 noches<\/em><\/p>\n<p>Viva el golf en su m\u00e1xima expresi\u00f3n en Dubai con nuestro exclusivo retiro para golfistas. Juegue en campos de primera categor\u00eda como el Emirates Golf Club y rel\u00e1jese con tratamientos de spa rejuvenecedores en complejos de golf. Este itinerario est\u00e1 dise\u00f1ado para los entusiastas del golf que buscan relajaci\u00f3n y ocio.<\/p>","protected":false},"featured_media":759,"template":"","meta":[],"product_brand":[],"product_cat":[17],"product_tag":[],"class_list":{"0":"post-34","1":"product","2":"type-product","3":"status-publish","4":"has-post-thumbnail","6":"product_cat-dubai-travel-plans","8":"first","9":"instock","10":"virtual","11":"taxable","12":"purchasable","13":"product-type-simple"},"_links":{"self":[{"href":"https:\/\/sunset-journeys.com\/es\/wp-json\/wp\/v2\/product\/34","targetHints":{"allow":["GET"]}}],"collection":[{"href":"https:\/\/sunset-journeys.com\/es\/wp-json\/wp\/v2\/product"}],"about":[{"href":"https:\/\/sunset-journeys.com\/es\/wp-json\/wp\/v2\/types\/product"}],"wp:featuredmedia":[{"embeddable":true,"href":"https:\/\/sunset-journeys.com\/es\/wp-json\/wp\/v2\/media\/759"}],"wp:attachment":[{"href":"https:\/\/sunset-journeys.com\/es\/wp-json\/wp\/v2\/media?parent=34"}],"wp:term":[{"taxonomy":"product_brand","embeddable":true,"href":"https:\/\/sunset-journeys.com\/es\/wp-json\/wp\/v2\/product_brand?post=34"},{"taxonomy":"product_cat","embeddable":true,"href":"https:\/\/sunset-journeys.com\/es\/wp-json\/wp\/v2\/product_cat?post=34"},{"taxonomy":"product_tag","embeddable":true,"href":"https:\/\/sunset-journeys.com\/es\/wp-json\/wp\/v2\/product_tag?post=34"}],"curies":[{"name":"wp","href":"https:\/\/api.w.org\/{rel}","templated":true}]}}