{"id":35,"date":"2023-10-22T21:39:14","date_gmt":"2023-10-22T21:39:14","guid":{"rendered":"https:\/\/sunset-journeys.com\/?post_type=product&#038;p=35"},"modified":"2023-10-25T23:50:37","modified_gmt":"2023-10-25T23:50:37","slug":"foodies-paradise","status":"publish","type":"product","link":"https:\/\/sunset-journeys.com\/es\/producto\/foodies-paradise\/","title":{"rendered":"El Para\u00edso de los Gourmets"},"content":{"rendered":"<p><strong>Itinerario:<\/strong><\/p>\n<p><strong>D\u00eda 1: Llegada a Dubai<\/strong><\/p>\n<ul>\n<li>Llegada al aeropuerto internacional de Dubai y traslado al hotel.<\/li>\n<li>Reg\u00edstrese y refr\u00e9squese.<\/li>\n<\/ul>\n<p><strong>D\u00eda 2: Cena gastron\u00f3mica<\/strong><\/p>\n<ul>\n<li>Desayuno en el hotel.<\/li>\n<li>Disfrute de una experiencia gastron\u00f3mica en un restaurante de renombre como Pierchic.<\/li>\n<li>Tarde libre para explorar o relajarse.<\/li>\n<li>Alojamiento en el hotel.<\/li>\n<\/ul>\n<p><strong>D\u00eda 3: Aventura de Comida Callejera<\/strong><\/p>\n<ul>\n<li>Desayuno en el hotel.<\/li>\n<li>Explore el animado Jumeirah Beach Walk, conocido por sus puestos de comida callejera.<\/li>\n<li>Saboree una variedad de delicias gastron\u00f3micas callejeras internacionales y locales.<\/li>\n<li>Regreso al hotel para pasar la noche.<\/li>\n<\/ul>\n<p><strong>D\u00eda 4: Salida<\/strong><\/p>\n<ul>\n<li>Desayuno en el hotel.<\/li>\n<li>Check-out y traslado al Aeropuerto Internacional de Dubai para su salida.<\/li>\n<\/ul>\n<p><strong>\u00bfQu\u00e9 incluye?<\/strong><\/p>\n<ul>\n<li>3 noches de alojamiento en un hotel c\u00e9ntrico.<\/li>\n<li>Desayuno diario.<\/li>\n<li>Experiencia gastron\u00f3mica.<\/li>\n<li>Aventura de comida callejera en Jumeirah Beach Walk.<\/li>\n<li>Traslados al aeropuerto.<\/li>\n<\/ul>\n<p><strong>\u00bfQu\u00e9 no est\u00e1 incluido?<\/strong><\/p>\n<ul>\n<li>Vuelos desde y hacia Dubai.<\/li>\n<li>Comidas no mencionadas en el itinerario.<\/li>\n<li>Gastos personales.<\/li>\n<\/ul>","protected":false},"excerpt":{"rendered":"<p><em>Duraci\u00f3n: 4 d\u00edas \/ 3 noches<\/em><\/p>\n<p>Emb\u00e1rquese en un viaje culinario por Dubai, explorando diversos sabores y experiencias gastron\u00f3micas. Del\u00e9itese con platos gourmet en restaurantes como Pierchic y Zuma. Saboree las delicias de la comida callejera en Jumeirah Beach Walk, donde le espera un mundo de sabores.<\/p>","protected":false},"featured_media":758,"template":"","meta":[],"product_brand":[],"product_cat":[17],"product_tag":[],"class_list":{"0":"post-35","1":"product","2":"type-product","3":"status-publish","4":"has-post-thumbnail","6":"product_cat-dubai-travel-plans","8":"first","9":"instock","10":"virtual","11":"taxable","12":"purchasable","13":"product-type-simple"},"_links":{"self":[{"href":"https:\/\/sunset-journeys.com\/es\/wp-json\/wp\/v2\/product\/35","targetHints":{"allow":["GET"]}}],"collection":[{"href":"https:\/\/sunset-journeys.com\/es\/wp-json\/wp\/v2\/product"}],"about":[{"href":"https:\/\/sunset-journeys.com\/es\/wp-json\/wp\/v2\/types\/product"}],"wp:featuredmedia":[{"embeddable":true,"href":"https:\/\/sunset-journeys.com\/es\/wp-json\/wp\/v2\/media\/758"}],"wp:attachment":[{"href":"https:\/\/sunset-journeys.com\/es\/wp-json\/wp\/v2\/media?parent=35"}],"wp:term":[{"taxonomy":"product_brand","embeddable":true,"href":"https:\/\/sunset-journeys.com\/es\/wp-json\/wp\/v2\/product_brand?post=35"},{"taxonomy":"product_cat","embeddable":true,"href":"https:\/\/sunset-journeys.com\/es\/wp-json\/wp\/v2\/product_cat?post=35"},{"taxonomy":"product_tag","embeddable":true,"href":"https:\/\/sunset-journeys.com\/es\/wp-json\/wp\/v2\/product_tag?post=35"}],"curies":[{"name":"wp","href":"https:\/\/api.w.org\/{rel}","templated":true}]}}