{"id":36,"date":"2023-10-22T23:36:52","date_gmt":"2023-10-22T23:36:52","guid":{"rendered":"https:\/\/sunset-journeys.com\/?post_type=product&#038;p=36"},"modified":"2023-10-25T23:50:07","modified_gmt":"2023-10-25T23:50:07","slug":"cruise-adventure","status":"publish","type":"product","link":"https:\/\/sunset-journeys.com\/es\/producto\/cruise-adventure\/","title":{"rendered":"Aventura en Crucero"},"content":{"rendered":"<p><strong>Itinerario:<\/strong><\/p>\n<p><strong>D\u00eda 1: Llegada a Dubai<\/strong><\/p>\n<ul>\n<li>Llegada al aeropuerto internacional de Dubai y traslado a su crucero.<\/li>\n<li>Reg\u00edstrese y acom\u00f3dese en su c\u00f3modo camarote.<\/li>\n<li>Comience su aventura en crucero con una recepci\u00f3n de bienvenida.<\/li>\n<li>Pernoctaci\u00f3n en el crucero.<\/li>\n<\/ul>\n<p><strong>D\u00eda 2: Crucero por la r\u00eda de Dubai<\/strong><\/p>\n<ul>\n<li>Desayuno a bordo.<\/li>\n<li>Navegue por el hist\u00f3rico Dubai Creek, pasando por lugares emblem\u00e1ticos.<\/li>\n<li>Disfrute del entretenimiento y las actividades a bordo.<\/li>\n<li>Tarde libre para saborear una deliciosa cena.<\/li>\n<li>Pernoctaci\u00f3n en el crucero.<\/li>\n<\/ul>\n<p><strong>D\u00eda 3: Club N\u00e1utico de Dubai Marina<\/strong><\/p>\n<ul>\n<li>Desayuno a bordo.<\/li>\n<li>Explore el Dubai Marina Yacht Club y disfrute de las impresionantes vistas del puerto deportivo.<\/li>\n<li>Desembarque del crucero con recuerdos imborrables de su aventura mar\u00edtima.<\/li>\n<li>Traslado al aeropuerto internacional de Dubai para su salida.<\/li>\n<\/ul>\n<p><strong>\u00bfQu\u00e9 incluye?<\/strong><\/p>\n<ul>\n<li>2 noches de alojamiento en un crucero.<\/li>\n<li>Desayuno, almuerzo y cena diarios a bordo.<\/li>\n<li>Experiencia de crucero por el Dubai Creek.<\/li>\n<li>Visita al Dubai Marina Yacht Club.<\/li>\n<li>Traslados al aeropuerto.<\/li>\n<\/ul>\n<p><strong>\u00bfQu\u00e9 no est\u00e1 incluido?<\/strong><\/p>\n<ul>\n<li>Vuelos desde y hacia Dubai.<\/li>\n<li>Comidas no mencionadas en el itinerario.<\/li>\n<li>Gastos personales.<\/li>\n<\/ul>","protected":false},"excerpt":{"rendered":"<p><em>Duraci\u00f3n: 3 D\u00edas \/ 2 Noches<\/em><\/p>\n<p>Emb\u00e1rquese en una cautivadora aventura en crucero por Dubai. Navegue por el hist\u00f3rico Dubai Creek y explore el Dubai Marina Yacht Club. Este itinerario ofrece una mezcla de relajaci\u00f3n, belleza paisaj\u00edstica y experiencias mar\u00edtimas.<\/p>","protected":false},"featured_media":757,"template":"","meta":[],"product_brand":[],"product_cat":[17],"product_tag":[],"class_list":{"0":"post-36","1":"product","2":"type-product","3":"status-publish","4":"has-post-thumbnail","6":"product_cat-dubai-travel-plans","8":"first","9":"instock","10":"virtual","11":"taxable","12":"purchasable","13":"product-type-simple"},"_links":{"self":[{"href":"https:\/\/sunset-journeys.com\/es\/wp-json\/wp\/v2\/product\/36","targetHints":{"allow":["GET"]}}],"collection":[{"href":"https:\/\/sunset-journeys.com\/es\/wp-json\/wp\/v2\/product"}],"about":[{"href":"https:\/\/sunset-journeys.com\/es\/wp-json\/wp\/v2\/types\/product"}],"wp:featuredmedia":[{"embeddable":true,"href":"https:\/\/sunset-journeys.com\/es\/wp-json\/wp\/v2\/media\/757"}],"wp:attachment":[{"href":"https:\/\/sunset-journeys.com\/es\/wp-json\/wp\/v2\/media?parent=36"}],"wp:term":[{"taxonomy":"product_brand","embeddable":true,"href":"https:\/\/sunset-journeys.com\/es\/wp-json\/wp\/v2\/product_brand?post=36"},{"taxonomy":"product_cat","embeddable":true,"href":"https:\/\/sunset-journeys.com\/es\/wp-json\/wp\/v2\/product_cat?post=36"},{"taxonomy":"product_tag","embeddable":true,"href":"https:\/\/sunset-journeys.com\/es\/wp-json\/wp\/v2\/product_tag?post=36"}],"curies":[{"name":"wp","href":"https:\/\/api.w.org\/{rel}","templated":true}]}}