{"id":38,"date":"2023-10-22T23:40:57","date_gmt":"2023-10-22T23:40:57","guid":{"rendered":"https:\/\/sunset-journeys.com\/?post_type=product&#038;p=38"},"modified":"2023-10-25T23:48:48","modified_gmt":"2023-10-25T23:48:48","slug":"dubai-for-art-lovers","status":"publish","type":"product","link":"https:\/\/sunset-journeys.com\/es\/producto\/dubai-for-art-lovers\/","title":{"rendered":"Dubai para los Amantes del Arte"},"content":{"rendered":"<p><strong>Itinerario:<\/strong><\/p>\n<p><strong>D\u00eda 1: Llegada a Dubai<\/strong><\/p>\n<ul>\n<li>Llegada al aeropuerto internacional de Dubai y traslado al hotel.<\/li>\n<li>Reg\u00edstrese y refr\u00e9squese.<\/li>\n<\/ul>\n<p><strong>D\u00eda 2: \u00d3pera de Dubai<\/strong><\/p>\n<ul>\n<li>Desayuno en el hotel.<\/li>\n<li>Visite la \u00d3pera de Dubai para asistir a un espect\u00e1culo o concierto de talla mundial.<\/li>\n<li>Visite la \u00d3pera de Dubai para asistir a un espect\u00e1culo o concierto de talla mundial.<\/li>\n<li>Alojamiento en el hotel.<\/li>\n<\/ul>\n<p><strong>D\u00eda 3: Avenida Alserkal<\/strong><\/p>\n<ul>\n<li>Desayuno en el hotel.<\/li>\n<li>Explore el distrito art\u00edstico de la avenida Alserkal, conocido por sus galer\u00edas de arte contempor\u00e1neo y espacios culturales.<\/li>\n<li>Descubra lo \u00faltimo en arte y creatividad de Dubai.<\/li>\n<li>Check-out y traslado al Aeropuerto Internacional de Dubai para su salida.<\/li>\n<\/ul>\n<p><strong>\u00bfQu\u00e9 incluye?<\/strong><\/p>\n<ul>\n<li>2 noches de alojamiento en un hotel c\u00e9ntrico.<\/li>\n<li>Desayuno diario.<\/li>\n<li>Actuaci\u00f3n o concierto en la \u00d3pera de Dubai.<\/li>\n<li>Visita al distrito art\u00edstico de la avenida Alserkal.<\/li>\n<li>Traslados al aeropuerto.<\/li>\n<\/ul>\n<p><strong>\u00bfQu\u00e9 no est\u00e1 incluido?<\/strong><\/p>\n<ul>\n<li>Vuelos desde y hacia Dubai.<\/li>\n<li>Comidas no mencionadas en el itinerario.<\/li>\n<li>Gastos personales.<\/li>\n<\/ul>","protected":false},"excerpt":{"rendered":"<p><em>Duraci\u00f3n: 3 D\u00edas \/ 2 Noches<\/em><\/p>\n<p>Descubra la vibrante escena art\u00edstica de Dubai en este viaje cultural. Visite la c\u00e9lebre \u00d3pera de Dubai para asistir a espect\u00e1culos de talla mundial y explore el distrito art\u00edstico de la avenida Alserkal, que alberga galer\u00edas y espacios creativos. Este itinerario est\u00e1 dise\u00f1ado para los entusiastas del arte que buscan inspiraci\u00f3n.<\/p>","protected":false},"featured_media":755,"template":"","meta":[],"product_brand":[],"product_cat":[17],"product_tag":[],"class_list":{"0":"post-38","1":"product","2":"type-product","3":"status-publish","4":"has-post-thumbnail","6":"product_cat-dubai-travel-plans","8":"first","9":"instock","10":"virtual","11":"taxable","12":"purchasable","13":"product-type-simple"},"_links":{"self":[{"href":"https:\/\/sunset-journeys.com\/es\/wp-json\/wp\/v2\/product\/38","targetHints":{"allow":["GET"]}}],"collection":[{"href":"https:\/\/sunset-journeys.com\/es\/wp-json\/wp\/v2\/product"}],"about":[{"href":"https:\/\/sunset-journeys.com\/es\/wp-json\/wp\/v2\/types\/product"}],"wp:featuredmedia":[{"embeddable":true,"href":"https:\/\/sunset-journeys.com\/es\/wp-json\/wp\/v2\/media\/755"}],"wp:attachment":[{"href":"https:\/\/sunset-journeys.com\/es\/wp-json\/wp\/v2\/media?parent=38"}],"wp:term":[{"taxonomy":"product_brand","embeddable":true,"href":"https:\/\/sunset-journeys.com\/es\/wp-json\/wp\/v2\/product_brand?post=38"},{"taxonomy":"product_cat","embeddable":true,"href":"https:\/\/sunset-journeys.com\/es\/wp-json\/wp\/v2\/product_cat?post=38"},{"taxonomy":"product_tag","embeddable":true,"href":"https:\/\/sunset-journeys.com\/es\/wp-json\/wp\/v2\/product_tag?post=38"}],"curies":[{"name":"wp","href":"https:\/\/api.w.org\/{rel}","templated":true}]}}