{"id":40,"date":"2023-10-22T23:44:19","date_gmt":"2023-10-22T23:44:19","guid":{"rendered":"https:\/\/sunset-journeys.com\/?post_type=product&#038;p=40"},"modified":"2023-10-25T23:47:35","modified_gmt":"2023-10-25T23:47:35","slug":"adventure-water-sports","status":"publish","type":"product","link":"https:\/\/sunset-journeys.com\/es\/producto\/adventure-water-sports\/","title":{"rendered":"Aventura Deportes Acu\u00e1ticos"},"content":{"rendered":"<p><strong>Itinerario:<\/strong><\/p>\n<p><strong>D\u00eda 1: Llegada a Dubai<\/strong><\/p>\n<ul>\n<li>Llegada al aeropuerto internacional de Dubai y traslado al hotel.<\/li>\n<li>Reg\u00edstrese y refr\u00e9squese.<\/li>\n<\/ul>\n<p><strong>D\u00eda 2: Deportes acu\u00e1ticos en la playa de JBR<\/strong><\/p>\n<ul>\n<li>Desayuno en el hotel.<\/li>\n<li>Dir\u00edjase a la playa de JBR para disfrutar de un d\u00eda de aventuras acu\u00e1ticas.<\/li>\n<li>Pruebe el jet-ski, el parasailing y el flyboard con instructores profesionales.<\/li>\n<li>Tarde libre para relajarse o explorar la playa.<\/li>\n<li>Alojamiento en el hotel.<\/li>\n<\/ul>\n<p><strong>D\u00eda 3: Acuario de Dubai y Salida<\/strong><\/p>\n<ul>\n<li>Desayuno en el hotel.<\/li>\n<li>Visite el Acuario y el Zoo Submarino de Dubai en el Dubai Mall.<\/li>\n<li>Explore las opciones de ocio y compras del centro comercial.<\/li>\n<li>Check-out y traslado al Aeropuerto Internacional de Dubai para su salida.<\/li>\n<\/ul>\n<p><strong>\u00bfQu\u00e9 incluye?<\/strong><\/p>\n<ul>\n<li>2 noches de alojamiento en un hotel c\u00e9ntrico.<\/li>\n<li>Desayuno diario.<\/li>\n<li>Aventura de deportes acu\u00e1ticos en la playa de JBR.<\/li>\n<li>Visita al acuario y al zoo submarino de Dubai.<\/li>\n<li>Traslados al aeropuerto.<\/li>\n<\/ul>\n<p><strong>\u00bfQu\u00e9 no est\u00e1 incluido?<\/strong><\/p>\n<ul>\n<li>Vuelos desde y hacia Dubai.<\/li>\n<li>Comidas no mencionadas en el itinerario.<\/li>\n<li>Gastos personales.<\/li>\n<\/ul>","protected":false},"excerpt":{"rendered":"<p><em>Duraci\u00f3n: 3 D\u00edas \/ 2 Noches<\/em><\/p>\n<p>Sacie sus ansias de aventura con una emocionante experiencia de deportes acu\u00e1ticos en Dubai. Pruebe el jet-ski, el parasailing y el flyboard en la playa de JBR. Explore las maravillas de la vida marina en el Acuario y el Zoo Submarino de Dubai. Este itinerario es perfecto para los amantes de la adrenalina y del agua.<\/p>","protected":false},"featured_media":753,"template":"","meta":[],"product_brand":[],"product_cat":[17],"product_tag":[],"class_list":{"0":"post-40","1":"product","2":"type-product","3":"status-publish","4":"has-post-thumbnail","6":"product_cat-dubai-travel-plans","8":"first","9":"instock","10":"virtual","11":"taxable","12":"purchasable","13":"product-type-simple"},"_links":{"self":[{"href":"https:\/\/sunset-journeys.com\/es\/wp-json\/wp\/v2\/product\/40","targetHints":{"allow":["GET"]}}],"collection":[{"href":"https:\/\/sunset-journeys.com\/es\/wp-json\/wp\/v2\/product"}],"about":[{"href":"https:\/\/sunset-journeys.com\/es\/wp-json\/wp\/v2\/types\/product"}],"wp:featuredmedia":[{"embeddable":true,"href":"https:\/\/sunset-journeys.com\/es\/wp-json\/wp\/v2\/media\/753"}],"wp:attachment":[{"href":"https:\/\/sunset-journeys.com\/es\/wp-json\/wp\/v2\/media?parent=40"}],"wp:term":[{"taxonomy":"product_brand","embeddable":true,"href":"https:\/\/sunset-journeys.com\/es\/wp-json\/wp\/v2\/product_brand?post=40"},{"taxonomy":"product_cat","embeddable":true,"href":"https:\/\/sunset-journeys.com\/es\/wp-json\/wp\/v2\/product_cat?post=40"},{"taxonomy":"product_tag","embeddable":true,"href":"https:\/\/sunset-journeys.com\/es\/wp-json\/wp\/v2\/product_tag?post=40"}],"curies":[{"name":"wp","href":"https:\/\/api.w.org\/{rel}","templated":true}]}}