{"id":41,"date":"2023-10-22T23:45:33","date_gmt":"2023-10-22T23:45:33","guid":{"rendered":"https:\/\/sunset-journeys.com\/?post_type=product&#038;p=41"},"modified":"2023-10-25T23:47:03","modified_gmt":"2023-10-25T23:47:03","slug":"dubai-for-architecture-enthusiasts","status":"publish","type":"product","link":"https:\/\/sunset-journeys.com\/es\/producto\/dubai-for-architecture-enthusiasts\/","title":{"rendered":"Dubai para Entusiastas de la Arquitectura"},"content":{"rendered":"<p><strong>Itinerario:<\/strong><\/p>\n<p><strong>D\u00eda 1: Llegada a Dubai<\/strong><\/p>\n<ul>\n<li>Llegada al aeropuerto internacional de Dubai y traslado al hotel.<\/li>\n<li>Reg\u00edstrese y refr\u00e9squese.<\/li>\n<\/ul>\n<p><strong>D\u00eda 2: Burj Khalifa y Dubai Frame<\/strong><\/p>\n<ul>\n<li>Desayuno en el hotel.<\/li>\n<li>Visite el Burj Khalifa, el edificio m\u00e1s alto del mundo, para disfrutar de vistas panor\u00e1micas de Dubai.<\/li>\n<li>Explore el Dubai Frame, una maravilla arquitect\u00f3nica que ofrece perspectivas \u00fanicas.<\/li>\n<li>Alojamiento en el hotel.<\/li>\n<\/ul>\n<p><strong>D\u00eda 3: Arquitectura de Palm Jumeirah<\/strong><\/p>\n<ul>\n<li>Desayuno en el hotel.<\/li>\n<li>Descubra la arquitectura \u00fanica de Palm Jumeirah, incluida Atlantis, The Palm.<\/li>\n<li>Check-out y traslado al Aeropuerto Internacional de Dubai para su salida.<\/li>\n<\/ul>\n<p><strong>\u00bfQu\u00e9 incluye?<\/strong><\/p>\n<ul>\n<li>2 noches de alojamiento en un hotel c\u00e9ntrico.<\/li>\n<li>Desayuno diario.<\/li>\n<li>Entrada al Burj Khalifa y al Dubai Frame.<\/li>\n<li>Visita guiada por la arquitectura de Palm Jumeirah.<\/li>\n<li>Traslados al aeropuerto.<\/li>\n<\/ul>\n<p><strong>\u00bfQu\u00e9 no est\u00e1 incluido?<\/strong><\/p>\n<ul>\n<li>Vuelos desde y hacia Dubai.<\/li>\n<li>Comidas no mencionadas en el itinerario.<\/li>\n<li>Gastos personales.<\/li>\n<\/ul>","protected":false},"excerpt":{"rendered":"<p><em>Duraci\u00f3n: 3 D\u00edas \/ 2 Noches<\/em><\/p>\n<p>Explore la innovadora y emblem\u00e1tica arquitectura de Dubai en este viaje. Visite el mundialmente famoso Burj Khalifa y el Dubai Frame para disfrutar de unas vistas impresionantes. Descubra las maravillas arquitect\u00f3nicas \u00fanicas de Palm Jumeirah. Este itinerario est\u00e1 dise\u00f1ado para aficionados a la arquitectura.<\/p>","protected":false},"featured_media":752,"template":"","meta":[],"product_brand":[],"product_cat":[17],"product_tag":[],"class_list":{"0":"post-41","1":"product","2":"type-product","3":"status-publish","4":"has-post-thumbnail","6":"product_cat-dubai-travel-plans","8":"first","9":"instock","10":"virtual","11":"taxable","12":"purchasable","13":"product-type-simple"},"_links":{"self":[{"href":"https:\/\/sunset-journeys.com\/es\/wp-json\/wp\/v2\/product\/41","targetHints":{"allow":["GET"]}}],"collection":[{"href":"https:\/\/sunset-journeys.com\/es\/wp-json\/wp\/v2\/product"}],"about":[{"href":"https:\/\/sunset-journeys.com\/es\/wp-json\/wp\/v2\/types\/product"}],"wp:featuredmedia":[{"embeddable":true,"href":"https:\/\/sunset-journeys.com\/es\/wp-json\/wp\/v2\/media\/752"}],"wp:attachment":[{"href":"https:\/\/sunset-journeys.com\/es\/wp-json\/wp\/v2\/media?parent=41"}],"wp:term":[{"taxonomy":"product_brand","embeddable":true,"href":"https:\/\/sunset-journeys.com\/es\/wp-json\/wp\/v2\/product_brand?post=41"},{"taxonomy":"product_cat","embeddable":true,"href":"https:\/\/sunset-journeys.com\/es\/wp-json\/wp\/v2\/product_cat?post=41"},{"taxonomy":"product_tag","embeddable":true,"href":"https:\/\/sunset-journeys.com\/es\/wp-json\/wp\/v2\/product_tag?post=41"}],"curies":[{"name":"wp","href":"https:\/\/api.w.org\/{rel}","templated":true}]}}