{"id":42,"date":"2023-10-22T23:46:46","date_gmt":"2023-10-22T23:46:46","guid":{"rendered":"https:\/\/sunset-journeys.com\/?post_type=product&#038;p=42"},"modified":"2023-10-25T23:45:39","modified_gmt":"2023-10-25T23:45:39","slug":"cultural-and-culinary-tour","status":"publish","type":"product","link":"https:\/\/sunset-journeys.com\/es\/producto\/cultural-and-culinary-tour\/","title":{"rendered":"Recorrido Cultural y Gastron\u00f3mico"},"content":{"rendered":"<p><strong>Itinerario:<\/strong><\/p>\n<p><strong>D\u00eda 1: Llegada a Dubai<\/strong><\/p>\n<ul>\n<li>Llegada al aeropuerto internacional de Dubai y traslado al hotel.<\/li>\n<li>Reg\u00edstrese y refr\u00e9squese.<\/li>\n<\/ul>\n<p><strong>D\u00eda 2: Ruta gastron\u00f3mica y Fuerte Al Fahidi<\/strong><\/p>\n<ul>\n<li>Desayuno en el hotel.<\/li>\n<li>Explore el casco antiguo de Dubai en una visita gastron\u00f3mica guiada, degustando platos tradicionales emirat\u00edes.<\/li>\n<li>Visite el Fuerte Al Fahidi, que alberga museos y galer\u00edas.<\/li>\n<li>Alojamiento en el hotel.<\/li>\n<\/ul>\n<p><strong>D\u00eda 3: Salida<\/strong><\/p>\n<ul>\n<li>Desayuno en el hotel.<\/li>\n<li>Check-out y traslado al Aeropuerto Internacional de Dubai para su salida.<\/li>\n<\/ul>\n<p><strong>\u00bfQu\u00e9 incluye?<\/strong><\/p>\n<ul>\n<li>2 noches de alojamiento en un hotel c\u00e9ntrico.<\/li>\n<li>Desayuno diario.<\/li>\n<li>Visita gastron\u00f3mica guiada por el casco antiguo de Dubai.<\/li>\n<li>Visita al Fuerte Al Fahidi y sus galer\u00edas.<\/li>\n<li>Traslados al aeropuerto.<\/li>\n<\/ul>\n<p><strong>\u00bfQu\u00e9 no est\u00e1 incluido?<\/strong><\/p>\n<ul>\n<li>Vuelos desde y hacia Dubai.<\/li>\n<li>Comidas no mencionadas en el itinerario.<\/li>\n<li>Gastos personales.<\/li>\n<\/ul>","protected":false},"excerpt":{"rendered":"<p><em>Duraci\u00f3n: 3 D\u00edas \/ 2 Noches<\/em><\/p>\n<p>Emb\u00e1rquese en un viaje que combina la exploraci\u00f3n cultural con las delicias culinarias. Realice una ruta gastron\u00f3mica por el casco antiguo de Dubai y deguste platos tradicionales emirat\u00edes. Visite el Fuerte Al Fahidi y sus galer\u00edas para conocer la historia y la cultura de la ciudad.<\/p>","protected":false},"featured_media":751,"template":"","meta":[],"product_brand":[],"product_cat":[17],"product_tag":[],"class_list":{"0":"post-42","1":"product","2":"type-product","3":"status-publish","4":"has-post-thumbnail","6":"product_cat-dubai-travel-plans","8":"first","9":"instock","10":"virtual","11":"taxable","12":"purchasable","13":"product-type-simple"},"_links":{"self":[{"href":"https:\/\/sunset-journeys.com\/es\/wp-json\/wp\/v2\/product\/42","targetHints":{"allow":["GET"]}}],"collection":[{"href":"https:\/\/sunset-journeys.com\/es\/wp-json\/wp\/v2\/product"}],"about":[{"href":"https:\/\/sunset-journeys.com\/es\/wp-json\/wp\/v2\/types\/product"}],"wp:featuredmedia":[{"embeddable":true,"href":"https:\/\/sunset-journeys.com\/es\/wp-json\/wp\/v2\/media\/751"}],"wp:attachment":[{"href":"https:\/\/sunset-journeys.com\/es\/wp-json\/wp\/v2\/media?parent=42"}],"wp:term":[{"taxonomy":"product_brand","embeddable":true,"href":"https:\/\/sunset-journeys.com\/es\/wp-json\/wp\/v2\/product_brand?post=42"},{"taxonomy":"product_cat","embeddable":true,"href":"https:\/\/sunset-journeys.com\/es\/wp-json\/wp\/v2\/product_cat?post=42"},{"taxonomy":"product_tag","embeddable":true,"href":"https:\/\/sunset-journeys.com\/es\/wp-json\/wp\/v2\/product_tag?post=42"}],"curies":[{"name":"wp","href":"https:\/\/api.w.org\/{rel}","templated":true}]}}