{"id":44,"date":"2023-10-22T23:50:24","date_gmt":"2023-10-22T23:50:24","guid":{"rendered":"https:\/\/sunset-journeys.com\/?post_type=product&#038;p=44"},"modified":"2023-10-25T23:43:12","modified_gmt":"2023-10-25T23:43:12","slug":"photography-tour","status":"publish","type":"product","link":"https:\/\/sunset-journeys.com\/es\/producto\/photography-tour\/","title":{"rendered":"Recorrido Fotogr\u00e1fico"},"content":{"rendered":"<p><strong>Itinerario:<\/strong><\/p>\n<p><strong>D\u00eda 1: Llegada a Dubai<\/strong><\/p>\n<ul>\n<li>Llegada al aeropuerto internacional de Dubai y traslado al hotel.<\/li>\n<li>Reg\u00edstrese y refr\u00e9squese.<\/li>\n<\/ul>\n<p><strong>D\u00eda 2: Lugares emblem\u00e1ticos de Dubai<\/strong><\/p>\n<ul>\n<li>Desayuno en el hotel.<\/li>\n<li>Emb\u00e1rquese en un recorrido fotogr\u00e1fico y capture los lugares emblem\u00e1ticos de la ciudad, como el Burj Khalifa.<\/li>\n<li>Explore el Dubai Creek y fotograf\u00ede dhows tradicionales.<\/li>\n<li>Alojamiento en el hotel.<\/li>\n<\/ul>\n<p><strong>D\u00eda 3: Salida<\/strong><\/p>\n<ul>\n<li>Desayuno en el hotel.<\/li>\n<li>Check-out y traslado al Aeropuerto Internacional de Dubai para su salida, con su c\u00e1mara llena de fotos memorables.<\/li>\n<\/ul>\n<p><strong>\u00bfQu\u00e9 incluye?<\/strong><\/p>\n<ul>\n<li>2 noches de alojamiento en un hotel c\u00e9ntrico.<\/li>\n<li>Desayuno diario.<\/li>\n<li>Visita fotogr\u00e1fica guiada por Dubai.<\/li>\n<li>Visita a Dubai Creek para tomar fotograf\u00edas.<\/li>\n<li>Traslados al aeropuerto.<\/li>\n<\/ul>\n<p><strong>\u00bfQu\u00e9 no est\u00e1 incluido?<\/strong><\/p>\n<ul>\n<li>Vuelos desde y hacia Dubai.<\/li>\n<li>Comidas no mencionadas en el itinerario.<\/li>\n<li>Gastos personales.<\/li>\n<\/ul>","protected":false},"excerpt":{"rendered":"<p><em>Duraci\u00f3n: 3 D\u00edas \/ 2 Noches<\/em><\/p>\n<p>Capture la belleza de Dubai a trav\u00e9s de su objetivo en un recorrido fotogr\u00e1fico. Fotograf\u00ede el perfil de la ciudad desde distintos puntos de vista, incluidos lugares emblem\u00e1ticos como el Burj Khalifa. Explore los tradicionales dhows en Dubai Creek, que ofrecen excelentes oportunidades fotogr\u00e1ficas.<\/p>","protected":false},"featured_media":747,"template":"","meta":[],"product_brand":[],"product_cat":[17],"product_tag":[],"class_list":{"0":"post-44","1":"product","2":"type-product","3":"status-publish","4":"has-post-thumbnail","6":"product_cat-dubai-travel-plans","8":"first","9":"instock","10":"virtual","11":"taxable","12":"purchasable","13":"product-type-simple"},"_links":{"self":[{"href":"https:\/\/sunset-journeys.com\/es\/wp-json\/wp\/v2\/product\/44","targetHints":{"allow":["GET"]}}],"collection":[{"href":"https:\/\/sunset-journeys.com\/es\/wp-json\/wp\/v2\/product"}],"about":[{"href":"https:\/\/sunset-journeys.com\/es\/wp-json\/wp\/v2\/types\/product"}],"wp:featuredmedia":[{"embeddable":true,"href":"https:\/\/sunset-journeys.com\/es\/wp-json\/wp\/v2\/media\/747"}],"wp:attachment":[{"href":"https:\/\/sunset-journeys.com\/es\/wp-json\/wp\/v2\/media?parent=44"}],"wp:term":[{"taxonomy":"product_brand","embeddable":true,"href":"https:\/\/sunset-journeys.com\/es\/wp-json\/wp\/v2\/product_brand?post=44"},{"taxonomy":"product_cat","embeddable":true,"href":"https:\/\/sunset-journeys.com\/es\/wp-json\/wp\/v2\/product_cat?post=44"},{"taxonomy":"product_tag","embeddable":true,"href":"https:\/\/sunset-journeys.com\/es\/wp-json\/wp\/v2\/product_tag?post=44"}],"curies":[{"name":"wp","href":"https:\/\/api.w.org\/{rel}","templated":true}]}}