{"id":49,"date":"2023-10-24T01:33:06","date_gmt":"2023-10-24T01:33:06","guid":{"rendered":"https:\/\/sunset-journeys.com\/?post_type=product&#038;p=49"},"modified":"2023-10-26T02:23:14","modified_gmt":"2023-10-26T02:23:14","slug":"desert-safari-adventure-tour","status":"publish","type":"product","link":"https:\/\/sunset-journeys.com\/es\/producto\/desert-safari-adventure-tour\/","title":{"rendered":"Aventura Safari por el Desierto - Tour"},"content":{"rendered":"<p><strong>Incluido:<\/strong><\/p>\n<ul>\n<li>Experiencia en dunas<\/li>\n<li>Paseos en camello<\/li>\n<li>Cena \u00e1rabe en el campamento beduino<\/li>\n<li>Entretenimiento (danza del vientre, espect\u00e1culo de tanoura)<\/li>\n<li>Recogida y entrega en el hotel<\/li>\n<\/ul>\n<p><strong>No se incluye:<\/strong><\/p>\n<ul>\n<li>Bebidas alcoh\u00f3licas (a la venta)<\/li>\n<li>Recuerdos<\/li>\n<\/ul>","protected":false},"excerpt":{"rendered":"<p>Emb\u00e1rquese en una emocionante aventura de safari por el desierto de Dubai. Esta excursi\u00f3n incluye un emocionante recorrido por las dunas en un 4\u00d74, paseos en camello por las arenas doradas y una visita a un campamento beduino tradicional donde podr\u00e1 disfrutar de una suntuosa cena \u00e1rabe bajo el cielo estrellado.<\/p>","protected":false},"featured_media":788,"template":"","meta":[],"product_brand":[],"product_cat":[18],"product_tag":[],"class_list":{"0":"post-49","1":"product","2":"type-product","3":"status-publish","4":"has-post-thumbnail","6":"product_cat-dubais-day-tours","8":"first","9":"instock","10":"virtual","11":"taxable","12":"purchasable","13":"product-type-simple"},"_links":{"self":[{"href":"https:\/\/sunset-journeys.com\/es\/wp-json\/wp\/v2\/product\/49","targetHints":{"allow":["GET"]}}],"collection":[{"href":"https:\/\/sunset-journeys.com\/es\/wp-json\/wp\/v2\/product"}],"about":[{"href":"https:\/\/sunset-journeys.com\/es\/wp-json\/wp\/v2\/types\/product"}],"wp:featuredmedia":[{"embeddable":true,"href":"https:\/\/sunset-journeys.com\/es\/wp-json\/wp\/v2\/media\/788"}],"wp:attachment":[{"href":"https:\/\/sunset-journeys.com\/es\/wp-json\/wp\/v2\/media?parent=49"}],"wp:term":[{"taxonomy":"product_brand","embeddable":true,"href":"https:\/\/sunset-journeys.com\/es\/wp-json\/wp\/v2\/product_brand?post=49"},{"taxonomy":"product_cat","embeddable":true,"href":"https:\/\/sunset-journeys.com\/es\/wp-json\/wp\/v2\/product_cat?post=49"},{"taxonomy":"product_tag","embeddable":true,"href":"https:\/\/sunset-journeys.com\/es\/wp-json\/wp\/v2\/product_tag?post=49"}],"curies":[{"name":"wp","href":"https:\/\/api.w.org\/{rel}","templated":true}]}}