{"id":52,"date":"2023-10-24T01:36:59","date_gmt":"2023-10-24T01:36:59","guid":{"rendered":"https:\/\/sunset-journeys.com\/?post_type=product&#038;p=52"},"modified":"2023-10-26T02:25:03","modified_gmt":"2023-10-26T02:25:03","slug":"palm-jumeirah-tour","status":"publish","type":"product","link":"https:\/\/sunset-journeys.com\/es\/producto\/palm-jumeirah-tour\/","title":{"rendered":"Visita a Palm Jumeirah"},"content":{"rendered":"<p><strong>Incluido:<\/strong><\/p>\n<ul>\n<li>Visita guiada a Palm Jumeirah<\/li>\n<li>Visita a Atlantis, The Palm<\/li>\n<li>Paseo por el paseo mar\u00edtimo de Palm Jumeirah<\/li>\n<li>Recogida y entrega en el hotel<\/li>\n<\/ul>\n<p><strong>No se incluye:<\/strong><\/p>\n<ul>\n<li>Comidas<\/li>\n<li>Entradas a atracciones (si procede)<\/li>\n<\/ul>","protected":false},"excerpt":{"rendered":"<p>Explore la emblem\u00e1tica isla artificial de Palm Jumeirah, con paradas en Atlantis, The Palm, y un tranquilo paseo por el paseo mar\u00edtimo de Palm Jumeirah, que ofrece impresionantes vistas del Golfo Ar\u00e1bigo y la costa de Dubai.<\/p>","protected":false},"featured_media":791,"template":"","meta":[],"product_brand":[],"product_cat":[18],"product_tag":[],"class_list":{"0":"post-52","1":"product","2":"type-product","3":"status-publish","4":"has-post-thumbnail","6":"product_cat-dubais-day-tours","8":"first","9":"instock","10":"virtual","11":"taxable","12":"purchasable","13":"product-type-simple"},"_links":{"self":[{"href":"https:\/\/sunset-journeys.com\/es\/wp-json\/wp\/v2\/product\/52","targetHints":{"allow":["GET"]}}],"collection":[{"href":"https:\/\/sunset-journeys.com\/es\/wp-json\/wp\/v2\/product"}],"about":[{"href":"https:\/\/sunset-journeys.com\/es\/wp-json\/wp\/v2\/types\/product"}],"wp:featuredmedia":[{"embeddable":true,"href":"https:\/\/sunset-journeys.com\/es\/wp-json\/wp\/v2\/media\/791"}],"wp:attachment":[{"href":"https:\/\/sunset-journeys.com\/es\/wp-json\/wp\/v2\/media?parent=52"}],"wp:term":[{"taxonomy":"product_brand","embeddable":true,"href":"https:\/\/sunset-journeys.com\/es\/wp-json\/wp\/v2\/product_brand?post=52"},{"taxonomy":"product_cat","embeddable":true,"href":"https:\/\/sunset-journeys.com\/es\/wp-json\/wp\/v2\/product_cat?post=52"},{"taxonomy":"product_tag","embeddable":true,"href":"https:\/\/sunset-journeys.com\/es\/wp-json\/wp\/v2\/product_tag?post=52"}],"curies":[{"name":"wp","href":"https:\/\/api.w.org\/{rel}","templated":true}]}}