{"id":54,"date":"2023-10-24T01:40:40","date_gmt":"2023-10-24T01:40:40","guid":{"rendered":"https:\/\/sunset-journeys.com\/?post_type=product&#038;p=54"},"modified":"2023-10-26T02:26:14","modified_gmt":"2023-10-26T02:26:14","slug":"abu-dhabi-day-trip","status":"publish","type":"product","link":"https:\/\/sunset-journeys.com\/es\/producto\/abu-dhabi-day-trip\/","title":{"rendered":"Excursi\u00f3n de un d\u00eda a Abu Dhabi"},"content":{"rendered":"<p><strong>Incluido:<\/strong><\/p>\n<ul>\n<li>Transporte de ida y vuelta desde Dubai<\/li>\n<li>Visita guiada a la Gran Mezquita Sheikh Zayed<\/li>\n<li>Visita a la Villa del Patrimonio<\/li>\n<li>Entrada a Ferrari World<\/li>\n<li>Recogida y entrega en el hotel<\/li>\n<\/ul>\n<p><strong>No se incluye:<\/strong><\/p>\n<ul>\n<li>Comidas<\/li>\n<li>Gastos personales<\/li>\n<\/ul>","protected":false},"excerpt":{"rendered":"<p>Emb\u00e1rquese en una excursi\u00f3n de un d\u00eda completo a Abu Dhabi, la capital de los EAU. Visite la magn\u00edfica Gran Mezquita Sheikh Zayed, explore el patrimonio cultural en el Heritage Village y disfrute de un subid\u00f3n de adrenalina en Ferrari World, el parque tem\u00e1tico cubierto m\u00e1s grande del mundo.<\/p>","protected":false},"featured_media":793,"template":"","meta":[],"product_brand":[],"product_cat":[18],"product_tag":[],"class_list":{"0":"post-54","1":"product","2":"type-product","3":"status-publish","4":"has-post-thumbnail","6":"product_cat-dubais-day-tours","8":"first","9":"instock","10":"virtual","11":"taxable","12":"purchasable","13":"product-type-simple"},"_links":{"self":[{"href":"https:\/\/sunset-journeys.com\/es\/wp-json\/wp\/v2\/product\/54","targetHints":{"allow":["GET"]}}],"collection":[{"href":"https:\/\/sunset-journeys.com\/es\/wp-json\/wp\/v2\/product"}],"about":[{"href":"https:\/\/sunset-journeys.com\/es\/wp-json\/wp\/v2\/types\/product"}],"wp:featuredmedia":[{"embeddable":true,"href":"https:\/\/sunset-journeys.com\/es\/wp-json\/wp\/v2\/media\/793"}],"wp:attachment":[{"href":"https:\/\/sunset-journeys.com\/es\/wp-json\/wp\/v2\/media?parent=54"}],"wp:term":[{"taxonomy":"product_brand","embeddable":true,"href":"https:\/\/sunset-journeys.com\/es\/wp-json\/wp\/v2\/product_brand?post=54"},{"taxonomy":"product_cat","embeddable":true,"href":"https:\/\/sunset-journeys.com\/es\/wp-json\/wp\/v2\/product_cat?post=54"},{"taxonomy":"product_tag","embeddable":true,"href":"https:\/\/sunset-journeys.com\/es\/wp-json\/wp\/v2\/product_tag?post=54"}],"curies":[{"name":"wp","href":"https:\/\/api.w.org\/{rel}","templated":true}]}}