{"id":55,"date":"2023-10-24T01:42:49","date_gmt":"2023-10-24T01:42:49","guid":{"rendered":"https:\/\/sunset-journeys.com\/?post_type=product&#038;p=55"},"modified":"2023-10-26T02:26:45","modified_gmt":"2023-10-26T02:26:45","slug":"dubai-fountain-show","status":"publish","type":"product","link":"https:\/\/sunset-journeys.com\/es\/producto\/dubai-fountain-show\/","title":{"rendered":"Espect\u00e1culo en la Fuente de Dubai"},"content":{"rendered":"<p><strong>Incluido:<\/strong><\/p>\n<ul>\n<li>Asientos VIP en un mirador privilegiado<\/li>\n<li>Vistas espectaculares del espect\u00e1culo de la Fuente de Dubai<\/li>\n<li>Recogida y entrega en el hotel<\/li>\n<\/ul>\n<p><strong>No se incluye:<\/strong><\/p>\n<ul>\n<li>Comidas<\/li>\n<\/ul>","protected":false},"excerpt":{"rendered":"<p>Sum\u00e9rjase en la magia del emblem\u00e1tico Dubai Fountain Show con una experiencia VIP. Disfrute de asientos privilegiados en una plataforma de observaci\u00f3n exclusiva y presencie de cerca el espect\u00e1culo coreografiado de agua, luz y m\u00fasica.<\/p>","protected":false},"featured_media":794,"template":"","meta":[],"product_brand":[],"product_cat":[18],"product_tag":[],"class_list":{"0":"post-55","1":"product","2":"type-product","3":"status-publish","4":"has-post-thumbnail","6":"product_cat-dubais-day-tours","8":"first","9":"instock","10":"virtual","11":"taxable","12":"purchasable","13":"product-type-simple"},"_links":{"self":[{"href":"https:\/\/sunset-journeys.com\/es\/wp-json\/wp\/v2\/product\/55","targetHints":{"allow":["GET"]}}],"collection":[{"href":"https:\/\/sunset-journeys.com\/es\/wp-json\/wp\/v2\/product"}],"about":[{"href":"https:\/\/sunset-journeys.com\/es\/wp-json\/wp\/v2\/types\/product"}],"wp:featuredmedia":[{"embeddable":true,"href":"https:\/\/sunset-journeys.com\/es\/wp-json\/wp\/v2\/media\/794"}],"wp:attachment":[{"href":"https:\/\/sunset-journeys.com\/es\/wp-json\/wp\/v2\/media?parent=55"}],"wp:term":[{"taxonomy":"product_brand","embeddable":true,"href":"https:\/\/sunset-journeys.com\/es\/wp-json\/wp\/v2\/product_brand?post=55"},{"taxonomy":"product_cat","embeddable":true,"href":"https:\/\/sunset-journeys.com\/es\/wp-json\/wp\/v2\/product_cat?post=55"},{"taxonomy":"product_tag","embeddable":true,"href":"https:\/\/sunset-journeys.com\/es\/wp-json\/wp\/v2\/product_tag?post=55"}],"curies":[{"name":"wp","href":"https:\/\/api.w.org\/{rel}","templated":true}]}}