{"id":56,"date":"2023-10-24T01:44:17","date_gmt":"2023-10-24T01:44:17","guid":{"rendered":"https:\/\/sunset-journeys.com\/?post_type=product&#038;p=56"},"modified":"2023-10-26T02:27:14","modified_gmt":"2023-10-26T02:27:14","slug":"helicopter-tour","status":"publish","type":"product","link":"https:\/\/sunset-journeys.com\/es\/producto\/helicopter-tour\/","title":{"rendered":"Excursi\u00f3n en helic\u00f3ptero"},"content":{"rendered":"<p><strong>Incluido:<\/strong><\/p>\n<ul>\n<li>Excursi\u00f3n en helic\u00f3ptero<\/li>\n<li>Vistas de los monumentos de Dubai<\/li>\n<\/ul>\n<p><strong>No se incluye:<\/strong><\/p>\n<ul>\n<li>Recogida y entrega en el hotel<\/li>\n<\/ul>","protected":false},"excerpt":{"rendered":"<p>Sobrevuele el paisaje urbano y contemple los lugares emblem\u00e1ticos de Dubai desde una perspectiva \u00fanica con una emocionante excursi\u00f3n en helic\u00f3ptero. Contemple el Burj Khalifa, Palm Jumeirah, The World Islands y mucho m\u00e1s, todo desde el cielo.<\/p>","protected":false},"featured_media":795,"template":"","meta":[],"product_brand":[],"product_cat":[18],"product_tag":[],"class_list":{"0":"post-56","1":"product","2":"type-product","3":"status-publish","4":"has-post-thumbnail","6":"product_cat-dubais-day-tours","8":"first","9":"instock","10":"virtual","11":"taxable","12":"purchasable","13":"product-type-simple"},"_links":{"self":[{"href":"https:\/\/sunset-journeys.com\/es\/wp-json\/wp\/v2\/product\/56","targetHints":{"allow":["GET"]}}],"collection":[{"href":"https:\/\/sunset-journeys.com\/es\/wp-json\/wp\/v2\/product"}],"about":[{"href":"https:\/\/sunset-journeys.com\/es\/wp-json\/wp\/v2\/types\/product"}],"wp:featuredmedia":[{"embeddable":true,"href":"https:\/\/sunset-journeys.com\/es\/wp-json\/wp\/v2\/media\/795"}],"wp:attachment":[{"href":"https:\/\/sunset-journeys.com\/es\/wp-json\/wp\/v2\/media?parent=56"}],"wp:term":[{"taxonomy":"product_brand","embeddable":true,"href":"https:\/\/sunset-journeys.com\/es\/wp-json\/wp\/v2\/product_brand?post=56"},{"taxonomy":"product_cat","embeddable":true,"href":"https:\/\/sunset-journeys.com\/es\/wp-json\/wp\/v2\/product_cat?post=56"},{"taxonomy":"product_tag","embeddable":true,"href":"https:\/\/sunset-journeys.com\/es\/wp-json\/wp\/v2\/product_tag?post=56"}],"curies":[{"name":"wp","href":"https:\/\/api.w.org\/{rel}","templated":true}]}}