{"id":58,"date":"2023-10-24T01:47:03","date_gmt":"2023-10-24T01:47:03","guid":{"rendered":"https:\/\/sunset-journeys.com\/?post_type=product&#038;p=58"},"modified":"2023-10-27T15:21:24","modified_gmt":"2023-10-27T15:21:24","slug":"ski-dubai-adventure","status":"publish","type":"product","link":"https:\/\/sunset-journeys.com\/es\/producto\/ski-dubai-adventure\/","title":{"rendered":"Aventura de esqu\u00ed en Dubai"},"content":{"rendered":"<p><strong>Incluido:<\/strong><\/p>\n<ul>\n<li>Acceso al parque de nieve Ski Dubai<\/li>\n<li>Material de esqu\u00ed y snowboard<\/li>\n<li>Paseos en telesilla<\/li>\n<\/ul>\n<p><strong>No se incluye:<\/strong><\/p>\n<ul>\n<li>Comidas<\/li>\n<li>Ropa de invierno (se puede alquilar)<\/li>\n<\/ul>","protected":false},"excerpt":{"rendered":"<p>Viva la emoci\u00f3n del esqu\u00ed y el snowboard en el coraz\u00f3n del desierto en Ski Dubai, en el Mall of the Emirates. Disfrute de un d\u00eda de deportes de invierno, incluido el acceso al parque de nieve y los paseos en telesilla.<\/p>","protected":false},"featured_media":983,"template":"","meta":[],"product_brand":[],"product_cat":[18],"product_tag":[],"class_list":{"0":"post-58","1":"product","2":"type-product","3":"status-publish","4":"has-post-thumbnail","6":"product_cat-dubais-day-tours","8":"first","9":"instock","10":"virtual","11":"taxable","12":"purchasable","13":"product-type-simple"},"_links":{"self":[{"href":"https:\/\/sunset-journeys.com\/es\/wp-json\/wp\/v2\/product\/58","targetHints":{"allow":["GET"]}}],"collection":[{"href":"https:\/\/sunset-journeys.com\/es\/wp-json\/wp\/v2\/product"}],"about":[{"href":"https:\/\/sunset-journeys.com\/es\/wp-json\/wp\/v2\/types\/product"}],"wp:featuredmedia":[{"embeddable":true,"href":"https:\/\/sunset-journeys.com\/es\/wp-json\/wp\/v2\/media\/983"}],"wp:attachment":[{"href":"https:\/\/sunset-journeys.com\/es\/wp-json\/wp\/v2\/media?parent=58"}],"wp:term":[{"taxonomy":"product_brand","embeddable":true,"href":"https:\/\/sunset-journeys.com\/es\/wp-json\/wp\/v2\/product_brand?post=58"},{"taxonomy":"product_cat","embeddable":true,"href":"https:\/\/sunset-journeys.com\/es\/wp-json\/wp\/v2\/product_cat?post=58"},{"taxonomy":"product_tag","embeddable":true,"href":"https:\/\/sunset-journeys.com\/es\/wp-json\/wp\/v2\/product_tag?post=58"}],"curies":[{"name":"wp","href":"https:\/\/api.w.org\/{rel}","templated":true}]}}