{"id":59,"date":"2023-10-24T01:48:06","date_gmt":"2023-10-24T01:48:06","guid":{"rendered":"https:\/\/sunset-journeys.com\/?post_type=product&#038;p=59"},"modified":"2023-10-26T15:12:54","modified_gmt":"2023-10-26T15:12:54","slug":"water-park-excursion","status":"publish","type":"product","link":"https:\/\/sunset-journeys.com\/es\/producto\/water-park-excursion\/","title":{"rendered":"Excursi\u00f3n al Parque Acu\u00e1tico"},"content":{"rendered":"<p><strong>Incluido:<\/strong><\/p>\n<ul>\n<li>Entrada al parque acu\u00e1tico<\/li>\n<li>Acceso a toboganes y atracciones acu\u00e1ticas<\/li>\n<li>Uso de las instalaciones<\/li>\n<\/ul>\n<p><strong>No se incluye:<\/strong><\/p>\n<ul>\n<li>Comidas<\/li>\n<li>Alquiler de taquillas y toallas (si procede)<\/li>\n<\/ul>","protected":false},"excerpt":{"rendered":"<p>Sum\u00e9rjase en un d\u00eda de diversi\u00f3n y aventura en uno de los famosos parques acu\u00e1ticos de Dubai, como Aquaventure Waterpark, en Atlantis, The Palm. Disfrute de emocionantes toboganes, r\u00edos lentos y aventuras acu\u00e1ticas para toda la familia.<\/p>","protected":false},"featured_media":804,"template":"","meta":[],"product_brand":[],"product_cat":[18],"product_tag":[],"class_list":{"0":"post-59","1":"product","2":"type-product","3":"status-publish","4":"has-post-thumbnail","6":"product_cat-dubais-day-tours","8":"first","9":"instock","10":"virtual","11":"taxable","12":"purchasable","13":"product-type-simple"},"_links":{"self":[{"href":"https:\/\/sunset-journeys.com\/es\/wp-json\/wp\/v2\/product\/59","targetHints":{"allow":["GET"]}}],"collection":[{"href":"https:\/\/sunset-journeys.com\/es\/wp-json\/wp\/v2\/product"}],"about":[{"href":"https:\/\/sunset-journeys.com\/es\/wp-json\/wp\/v2\/types\/product"}],"wp:featuredmedia":[{"embeddable":true,"href":"https:\/\/sunset-journeys.com\/es\/wp-json\/wp\/v2\/media\/804"}],"wp:attachment":[{"href":"https:\/\/sunset-journeys.com\/es\/wp-json\/wp\/v2\/media?parent=59"}],"wp:term":[{"taxonomy":"product_brand","embeddable":true,"href":"https:\/\/sunset-journeys.com\/es\/wp-json\/wp\/v2\/product_brand?post=59"},{"taxonomy":"product_cat","embeddable":true,"href":"https:\/\/sunset-journeys.com\/es\/wp-json\/wp\/v2\/product_cat?post=59"},{"taxonomy":"product_tag","embeddable":true,"href":"https:\/\/sunset-journeys.com\/es\/wp-json\/wp\/v2\/product_tag?post=59"}],"curies":[{"name":"wp","href":"https:\/\/api.w.org\/{rel}","templated":true}]}}