{"id":60,"date":"2023-10-24T01:48:46","date_gmt":"2023-10-24T01:48:46","guid":{"rendered":"https:\/\/sunset-journeys.com\/?post_type=product&#038;p=60"},"modified":"2023-10-26T15:13:43","modified_gmt":"2023-10-26T15:13:43","slug":"burj-khalifa-observation-deck","status":"publish","type":"product","link":"https:\/\/sunset-journeys.com\/es\/producto\/burj-khalifa-observation-deck\/","title":{"rendered":"Mirador del Burj Khalifa"},"content":{"rendered":"<p><strong>Incluido:<\/strong><\/p>\n<ul>\n<li>Acceso sin colas a la plataforma de observaci\u00f3n del Burj Khalifa<\/li>\n<li>Vistas panor\u00e1micas de Dubai<\/li>\n<\/ul>\n<p><strong>No se incluye:<\/strong><\/p>\n<ul>\n<li>Recogida y entrega en el hotel<\/li>\n<\/ul>","protected":false},"excerpt":{"rendered":"<p>S\u00e1ltese las colas y suba a la plataforma de observaci\u00f3n del Burj Khalifa, el edificio m\u00e1s alto del mundo. Disfrute de vistas panor\u00e1micas de Dub\u00e1i desde alturas asombrosas y capture recuerdos inolvidables desde la plataforma de observaci\u00f3n.<\/p>","protected":false},"featured_media":805,"template":"","meta":[],"product_brand":[],"product_cat":[18],"product_tag":[],"class_list":{"0":"post-60","1":"product","2":"type-product","3":"status-publish","4":"has-post-thumbnail","6":"product_cat-dubais-day-tours","8":"first","9":"instock","10":"virtual","11":"taxable","12":"purchasable","13":"product-type-simple"},"_links":{"self":[{"href":"https:\/\/sunset-journeys.com\/es\/wp-json\/wp\/v2\/product\/60","targetHints":{"allow":["GET"]}}],"collection":[{"href":"https:\/\/sunset-journeys.com\/es\/wp-json\/wp\/v2\/product"}],"about":[{"href":"https:\/\/sunset-journeys.com\/es\/wp-json\/wp\/v2\/types\/product"}],"wp:featuredmedia":[{"embeddable":true,"href":"https:\/\/sunset-journeys.com\/es\/wp-json\/wp\/v2\/media\/805"}],"wp:attachment":[{"href":"https:\/\/sunset-journeys.com\/es\/wp-json\/wp\/v2\/media?parent=60"}],"wp:term":[{"taxonomy":"product_brand","embeddable":true,"href":"https:\/\/sunset-journeys.com\/es\/wp-json\/wp\/v2\/product_brand?post=60"},{"taxonomy":"product_cat","embeddable":true,"href":"https:\/\/sunset-journeys.com\/es\/wp-json\/wp\/v2\/product_cat?post=60"},{"taxonomy":"product_tag","embeddable":true,"href":"https:\/\/sunset-journeys.com\/es\/wp-json\/wp\/v2\/product_tag?post=60"}],"curies":[{"name":"wp","href":"https:\/\/api.w.org\/{rel}","templated":true}]}}