{"id":61,"date":"2023-10-24T01:49:36","date_gmt":"2023-10-24T01:49:36","guid":{"rendered":"https:\/\/sunset-journeys.com\/?post_type=product&#038;p=61"},"modified":"2023-10-26T15:14:13","modified_gmt":"2023-10-26T15:14:13","slug":"dubai-opera-show","status":"publish","type":"product","link":"https:\/\/sunset-journeys.com\/es\/producto\/dubai-opera-show\/","title":{"rendered":"Espect\u00e1culo de la \u00d3pera de Dubai"},"content":{"rendered":"<p><strong>Incluido:<\/strong><\/p>\n<ul>\n<li>Entrada al espect\u00e1culo de la \u00d3pera de Dubai<\/li>\n<li>Experiencia en entretenimiento<\/li>\n<\/ul>\n<p><strong>No se incluye:<\/strong><\/p>\n<ul>\n<li>Comidas<\/li>\n<\/ul>","protected":false},"excerpt":{"rendered":"<p>Sum\u00e9rjase en el mundo de las artes esc\u00e9nicas con una visita a la \u00d3pera de Dubai. Asista a un espect\u00e1culo de talla mundial, ya sea una fascinante \u00f3pera, un cautivador ballet o un animado concierto.<\/p>","protected":false},"featured_media":806,"template":"","meta":[],"product_brand":[],"product_cat":[18],"product_tag":[],"class_list":{"0":"post-61","1":"product","2":"type-product","3":"status-publish","4":"has-post-thumbnail","6":"product_cat-dubais-day-tours","8":"first","9":"instock","10":"virtual","11":"taxable","12":"purchasable","13":"product-type-simple"},"_links":{"self":[{"href":"https:\/\/sunset-journeys.com\/es\/wp-json\/wp\/v2\/product\/61","targetHints":{"allow":["GET"]}}],"collection":[{"href":"https:\/\/sunset-journeys.com\/es\/wp-json\/wp\/v2\/product"}],"about":[{"href":"https:\/\/sunset-journeys.com\/es\/wp-json\/wp\/v2\/types\/product"}],"wp:featuredmedia":[{"embeddable":true,"href":"https:\/\/sunset-journeys.com\/es\/wp-json\/wp\/v2\/media\/806"}],"wp:attachment":[{"href":"https:\/\/sunset-journeys.com\/es\/wp-json\/wp\/v2\/media?parent=61"}],"wp:term":[{"taxonomy":"product_brand","embeddable":true,"href":"https:\/\/sunset-journeys.com\/es\/wp-json\/wp\/v2\/product_brand?post=61"},{"taxonomy":"product_cat","embeddable":true,"href":"https:\/\/sunset-journeys.com\/es\/wp-json\/wp\/v2\/product_cat?post=61"},{"taxonomy":"product_tag","embeddable":true,"href":"https:\/\/sunset-journeys.com\/es\/wp-json\/wp\/v2\/product_tag?post=61"}],"curies":[{"name":"wp","href":"https:\/\/api.w.org\/{rel}","templated":true}]}}