{"id":69,"date":"2023-10-24T03:04:09","date_gmt":"2023-10-24T03:04:09","guid":{"rendered":"https:\/\/sunset-journeys.com\/?post_type=product&#038;p=69"},"modified":"2023-10-26T15:19:36","modified_gmt":"2023-10-26T15:19:36","slug":"dubai-miracle-garden-visit","status":"publish","type":"product","link":"https:\/\/sunset-journeys.com\/es\/producto\/dubai-miracle-garden-visit\/","title":{"rendered":"Visita al Jard\u00edn Milagroso de Dubai"},"content":{"rendered":"<p><strong>Incluido:<\/strong><\/p>\n<ul>\n<li>Entrada al Jard\u00edn Milagroso de Dubai<\/li>\n<li>Acceso a exposiciones florales<\/li>\n<\/ul>\n<p><strong>No se incluye:<\/strong><\/p>\n<ul>\n<li>Comidas<\/li>\n<\/ul>","protected":false},"excerpt":{"rendered":"<p>Explore el encantador Jard\u00edn Milagroso de Dubai, un para\u00edso floral donde millones de flores se esculpen en impresionantes despliegues. Marav\u00edllese con los coloridos arreglos y dise\u00f1os florales \u00fanicos.<\/p>","protected":false},"featured_media":813,"template":"","meta":[],"product_brand":[],"product_cat":[18],"product_tag":[],"class_list":{"0":"post-69","1":"product","2":"type-product","3":"status-publish","4":"has-post-thumbnail","6":"product_cat-dubais-day-tours","8":"first","9":"instock","10":"virtual","11":"taxable","12":"purchasable","13":"product-type-simple"},"_links":{"self":[{"href":"https:\/\/sunset-journeys.com\/es\/wp-json\/wp\/v2\/product\/69","targetHints":{"allow":["GET"]}}],"collection":[{"href":"https:\/\/sunset-journeys.com\/es\/wp-json\/wp\/v2\/product"}],"about":[{"href":"https:\/\/sunset-journeys.com\/es\/wp-json\/wp\/v2\/types\/product"}],"wp:featuredmedia":[{"embeddable":true,"href":"https:\/\/sunset-journeys.com\/es\/wp-json\/wp\/v2\/media\/813"}],"wp:attachment":[{"href":"https:\/\/sunset-journeys.com\/es\/wp-json\/wp\/v2\/media?parent=69"}],"wp:term":[{"taxonomy":"product_brand","embeddable":true,"href":"https:\/\/sunset-journeys.com\/es\/wp-json\/wp\/v2\/product_brand?post=69"},{"taxonomy":"product_cat","embeddable":true,"href":"https:\/\/sunset-journeys.com\/es\/wp-json\/wp\/v2\/product_cat?post=69"},{"taxonomy":"product_tag","embeddable":true,"href":"https:\/\/sunset-journeys.com\/es\/wp-json\/wp\/v2\/product_tag?post=69"}],"curies":[{"name":"wp","href":"https:\/\/api.w.org\/{rel}","templated":true}]}}