{"id":71,"date":"2023-10-24T03:06:47","date_gmt":"2023-10-24T03:06:47","guid":{"rendered":"https:\/\/sunset-journeys.com\/?post_type=product&#038;p=71"},"modified":"2023-10-26T17:36:16","modified_gmt":"2023-10-26T17:36:16","slug":"japan-cherry-blossom-season-in-japan","status":"publish","type":"product","link":"https:\/\/sunset-journeys.com\/es\/producto\/japan-cherry-blossom-season-in-japan\/","title":{"rendered":"Jap\u00f3n: Temporada de floraci\u00f3n de los cerezos en Jap\u00f3n"},"content":{"rendered":"<p><strong>Itinerario:<\/strong><\/p>\n<p><strong>D\u00eda 1: Llegada a Tokio<\/strong><\/p>\n<ul>\n<li>Llegada a Tokio, la vibrante capital de Jap\u00f3n.<\/li>\n<li>Traslado al hotel y check-in.<\/li>\n<li>Tarde libre para explorar las bulliciosas calles de la ciudad.<\/li>\n<li>Alojamiento en Tokio.<\/li>\n<\/ul>\n<p><strong>D\u00eda 2: Exploraci\u00f3n de la ciudad de Tokio<\/strong><\/p>\n<ul>\n<li>Desayuno en el hotel.<\/li>\n<li>Visite lugares emblem\u00e1ticos como el templo Asakusa Senso-ji y la Tokyo Skytree.<\/li>\n<li>Explore los animados barrios de Harajuku y Shibuya.<\/li>\n<li>Alojamiento en Tokio.<\/li>\n<\/ul>\n<p><strong>D\u00eda 3: El lado moderno de Tokio<\/strong><\/p>\n<ul>\n<li>Desayuno en el hotel.<\/li>\n<li>Descubra el lado moderno de Tokio con visitas a Odaiba y al museo de arte digital teamLab Borderless.<\/li>\n<li>Disfrute de un crucero nocturno por el r\u00edo Sumida.<\/li>\n<li>Alojamiento en Tokio.<\/li>\n<\/ul>\n<p><strong>D\u00eda 4: Kioto, el coraz\u00f3n cultural de Jap\u00f3n<\/strong><\/p>\n<ul>\n<li>Desayuno en el hotel.<\/li>\n<li>Viaje a Kioto en Shinkansen (tren bala).<\/li>\n<li>Explore el hist\u00f3rico distrito de Gion y Kinkaku-ji (Pabell\u00f3n Dorado).<\/li>\n<li>Alojamiento en Kioto.<\/li>\n<\/ul>\n<p><strong>D\u00eda 5: Vista de los cerezos en flor en Kioto<\/strong><\/p>\n<ul>\n<li>Desayuno en el hotel.<\/li>\n<li>Visite el Parque Maruyama para contemplar los cerezos en flor (hanami).<\/li>\n<li>Explore el santuario de Fushimi Inari y sus miles de puertas torii.<\/li>\n<li>Alojamiento en Kioto.<\/li>\n<\/ul>\n<p><strong>D\u00eda 6: Templos y santuarios de Kioto<\/strong><\/p>\n<ul>\n<li>Desayuno en el hotel.<\/li>\n<li>Explore los impresionantes templos y santuarios de Kioto, como Kiyomizu-dera y Kinkaku-ji.<\/li>\n<li>Descubra las calles tradicionales de Higashiyama.<\/li>\n<li>Alojamiento en Kioto.<\/li>\n<\/ul>\n<p><strong>D\u00eda 7: Excursi\u00f3n a Nara<\/strong><\/p>\n<ul>\n<li>Desayuno en el hotel.<\/li>\n<li>Haga una excursi\u00f3n de un d\u00eda a Nara para visitar el templo Todai-ji y el Parque de Nara.<\/li>\n<li>Regreso a Kioto por la tarde.<\/li>\n<li>Alojamiento en Kioto.<\/li>\n<\/ul>\n<p><strong>D\u00eda 8: Hakone - Rel\u00e1jese en un onsen<\/strong><\/p>\n<ul>\n<li>Desayuno en el hotel.<\/li>\n<li>Viaje a Hakone, una pintoresca regi\u00f3n de aguas termales.<\/li>\n<li>Disfrute de un relajante ba\u00f1o en un onsen con hermosas vistas a la monta\u00f1a.<\/li>\n<li>Alojamiento en Hakone.<\/li>\n<\/ul>\n<p><strong>D\u00eda 9: Vistas del Monte Fuji<\/strong><\/p>\n<ul>\n<li>Desayuno en el hotel.<\/li>\n<li>Explore las atracciones de Hakone, como el Museo al Aire Libre de Hakone y el Santuario de Hakone.<\/li>\n<li>Disfrute de las impresionantes vistas del monte Fuji (si el tiempo lo permite).<\/li>\n<li>Alojamiento en Hakone.<\/li>\n<\/ul>\n<p><strong>D\u00eda 10: Regreso a Tokio<\/strong><\/p>\n<ul>\n<li>Desayuno en el hotel.<\/li>\n<li>Regreso a Tokio y registro en el hotel.<\/li>\n<li>Tiempo libre para ir de compras o explorar Tokio.<\/li>\n<li>Alojamiento en Tokio.<\/li>\n<\/ul>\n<p><strong>D\u00eda 11: D\u00eda libre en Tokio<\/strong><\/p>\n<ul>\n<li>Desayuno en el hotel.<\/li>\n<li>Disfrute de un d\u00eda libre en Tokio para realizar compras o visitas tur\u00edsticas adicionales.<\/li>\n<li>Actividades opcionales disponibles.<\/li>\n<li>Alojamiento en Tokio.<\/li>\n<\/ul>\n<p><strong>D\u00eda 12: Salida<\/strong><\/p>\n<ul>\n<li>Desayuno en el hotel.<\/li>\n<li>Check-out y traslado al aeropuerto internacional de Narita para su salida.<\/li>\n<\/ul>\n<p><strong>\u00bfQu\u00e9 incluye?<\/strong><\/p>\n<ul>\n<li>11 noches de alojamiento.<\/li>\n<li>Desayuno diario.<\/li>\n<li>Billetes de Shinkansen (tren bala) entre ciudades.<\/li>\n<li>Crucero por el r\u00edo Sumida en Tokio.<\/li>\n<li>Excursi\u00f3n de un d\u00eda a Nara.<\/li>\n<li>Excursi\u00f3n a Hakone con experiencia en onsen.<\/li>\n<li>Traslados al aeropuerto.<\/li>\n<\/ul>\n<p><strong>\u00bfQu\u00e9 no est\u00e1 incluido?<\/strong><\/p>\n<ul>\n<li>Vuelos desde y hacia Jap\u00f3n.<\/li>\n<li>Comidas no mencionadas en el itinerario.<\/li>\n<li>Actividades y excursiones opcionales.<\/li>\n<\/ul>","protected":false},"excerpt":{"rendered":"<p><em>Duraci\u00f3n: 12 d\u00edas \/ 11 noches<\/em><\/p>\n<p>Emb\u00e1rquese en un viaje a Jap\u00f3n durante la encantadora estaci\u00f3n de los cerezos en flor, una \u00e9poca en la que los paisajes del pa\u00eds se adornan con delicadas flores rosas. Contemple la belleza de los cerezos en flor en Kioto, explore los contrastes entre lo moderno y lo tradicional de Tokio y rel\u00e1jese en las rejuvenecedoras aguas termales de Hakone.<\/p>","protected":false},"featured_media":815,"template":"","meta":[],"product_brand":[],"product_cat":[19],"product_tag":[],"class_list":{"0":"post-71","1":"product","2":"type-product","3":"status-publish","4":"has-post-thumbnail","6":"product_cat-travel-plans","8":"first","9":"instock","10":"virtual","11":"taxable","12":"purchasable","13":"product-type-simple"},"_links":{"self":[{"href":"https:\/\/sunset-journeys.com\/es\/wp-json\/wp\/v2\/product\/71","targetHints":{"allow":["GET"]}}],"collection":[{"href":"https:\/\/sunset-journeys.com\/es\/wp-json\/wp\/v2\/product"}],"about":[{"href":"https:\/\/sunset-journeys.com\/es\/wp-json\/wp\/v2\/types\/product"}],"wp:featuredmedia":[{"embeddable":true,"href":"https:\/\/sunset-journeys.com\/es\/wp-json\/wp\/v2\/media\/815"}],"wp:attachment":[{"href":"https:\/\/sunset-journeys.com\/es\/wp-json\/wp\/v2\/media?parent=71"}],"wp:term":[{"taxonomy":"product_brand","embeddable":true,"href":"https:\/\/sunset-journeys.com\/es\/wp-json\/wp\/v2\/product_brand?post=71"},{"taxonomy":"product_cat","embeddable":true,"href":"https:\/\/sunset-journeys.com\/es\/wp-json\/wp\/v2\/product_cat?post=71"},{"taxonomy":"product_tag","embeddable":true,"href":"https:\/\/sunset-journeys.com\/es\/wp-json\/wp\/v2\/product_tag?post=71"}],"curies":[{"name":"wp","href":"https:\/\/api.w.org\/{rel}","templated":true}]}}