{"id":72,"date":"2023-10-24T03:08:04","date_gmt":"2023-10-24T03:08:04","guid":{"rendered":"https:\/\/sunset-journeys.com\/?post_type=product&#038;p=72"},"modified":"2023-10-26T17:36:44","modified_gmt":"2023-10-26T17:36:44","slug":"australia-down-under-adventure","status":"publish","type":"product","link":"https:\/\/sunset-journeys.com\/es\/producto\/australia-down-under-adventure\/","title":{"rendered":"Australia: Aventura Down Under"},"content":{"rendered":"<p><strong>Itinerario:<\/strong><\/p>\n<p><strong>D\u00eda 1: Llegada a S\u00eddney<\/strong><\/p>\n<ul>\n<li>Llegada a S\u00eddney, la vibrante ciudad portuaria de Australia.<\/li>\n<li>Traslado al hotel y check-in.<\/li>\n<li>Tarde libre para explorar las bulliciosas calles de S\u00eddney.<\/li>\n<li>Alojamiento en Sydney.<\/li>\n<\/ul>\n<p><strong>D\u00eda 2: Exploraci\u00f3n de S\u00eddney<\/strong><\/p>\n<ul>\n<li>Desayuno en el hotel.<\/li>\n<li>Visite lugares emblem\u00e1ticos como la \u00d3pera de S\u00eddney y el Puente del Puerto de S\u00eddney.<\/li>\n<li>Explore el distrito hist\u00f3rico de Rocks.<\/li>\n<li>Alojamiento en Sydney.<\/li>\n<\/ul>\n<p><strong>D\u00eda 3: Playa de Bondi y paseo por la costa<\/strong><\/p>\n<ul>\n<li>Desayuno en el hotel.<\/li>\n<li>Pase el d\u00eda en la playa de Bondi.<\/li>\n<li>Disfrute de un paseo costero desde Bondi hasta Coogee.<\/li>\n<li>Alojamiento en Sydney.<\/li>\n<\/ul>\n<p><strong>D\u00eda 4: Gran Barrera de Coral - Maravilla natural<\/strong><\/p>\n<ul>\n<li>Desayuno en el hotel.<\/li>\n<li>Viaje a Cairns en avi\u00f3n.<\/li>\n<li>Reg\u00edstrese en su hotel de Cairns, puerta de entrada a la Gran Barrera de Coral.<\/li>\n<li>Tarde libre para explorar Cairns.<\/li>\n<li>Alojamiento en Cairns.<\/li>\n<\/ul>\n<p><strong>D\u00eda 5: Aventura en la Gran Barrera de Coral<\/strong><\/p>\n<ul>\n<li>Desayuno en el hotel.<\/li>\n<li>Haga un crucero a la Gran Barrera de Coral.<\/li>\n<li>Disfrute practicando snorkel o buceo para descubrir las maravillas submarinas.<\/li>\n<li>Regreso a Cairns por la tarde.<\/li>\n<li>Alojamiento en Cairns.<\/li>\n<\/ul>\n<p><strong>D\u00eda 6: Uluru - El Centro Rojo<\/strong><\/p>\n<ul>\n<li>Desayuno en el hotel.<\/li>\n<li>Viaje a Uluru en avi\u00f3n.<\/li>\n<li>Reg\u00edstrese en su hotel en el coraz\u00f3n del Outback.<\/li>\n<li>Tarde libre para admirar los colores cambiantes de Uluru.<\/li>\n<li>Alojamiento en Uluru.<\/li>\n<\/ul>\n<p><strong>D\u00eda 7: Explorar Uluru y Kata Tjuta<\/strong><\/p>\n<ul>\n<li>Desayuno en el hotel.<\/li>\n<li>Descubra el impresionante Uluru y d\u00e9 un paseo por la base.<\/li>\n<li>Explore Kata Tjuta (las Olgas) y el desfiladero de Walpa.<\/li>\n<li>Alojamiento en Uluru.<\/li>\n<\/ul>\n<p><strong>D\u00eda 8: Alice Springs - Outback Town<\/strong><\/p>\n<ul>\n<li>Desayuno en el hotel.<\/li>\n<li>Viaje a Alice Springs en avi\u00f3n.<\/li>\n<li>Explore la hist\u00f3rica ciudad de Alice Springs.<\/li>\n<li>Visite el Royal Flying Doctor Service y la Escuela del Aire.<\/li>\n<li>Alojamiento en Alice Springs.<\/li>\n<\/ul>\n<p><strong>D\u00eda 9: Regreso a S\u00eddney<\/strong><\/p>\n<ul>\n<li>Desayuno en el hotel.<\/li>\n<li>Regreso a Sydney en avi\u00f3n.<\/li>\n<li>Tiempo libre para compras o visitas adicionales en Sydney.<\/li>\n<li>Alojamiento en Sydney.<\/li>\n<\/ul>\n<p><strong>D\u00eda 10: D\u00eda libre en S\u00eddney<\/strong><\/p>\n<ul>\n<li>Desayuno en el hotel.<\/li>\n<li>Disfrute de un d\u00eda libre en Sydney para ir de compras o realizar actividades opcionales.<\/li>\n<li>Alojamiento en Sydney.<\/li>\n<\/ul>\n<p><strong>D\u00eda 11: La fauna de S\u00eddney y los koalas<\/strong><\/p>\n<ul>\n<li>Desayuno en el hotel.<\/li>\n<li>Visite el zoo de Taronga para contemplar la singular fauna australiana.<\/li>\n<li>Explore el Parque Natural de Featherdale.<\/li>\n<li>Cena de despedida en Sydney.<\/li>\n<li>Alojamiento en Sydney.<\/li>\n<\/ul>\n<p><strong>D\u00eda 12: Salida<\/strong><\/p>\n<ul>\n<li>Desayuno en el hotel.<\/li>\n<li>Check-out y traslado al aeropuerto Kingsford Smith de Sydney para su salida.<\/li>\n<\/ul>\n<p><strong>\u00bfQu\u00e9 incluye?<\/strong><\/p>\n<ul>\n<li>11 noches de alojamiento en hoteles de 4 estrellas.<\/li>\n<li>Desayuno diario.<\/li>\n<li>Vuelos nacionales entre ciudades.<\/li>\n<li>Crucero y actividades por la Gran Barrera de Coral.<\/li>\n<li>Entrada al zoo de Taronga y al parque de animales de Featherdale.<\/li>\n<li>Traslados al aeropuerto.<\/li>\n<\/ul>\n<p><strong>\u00bfQu\u00e9 no est\u00e1 incluido?<\/strong><\/p>\n<ul>\n<li>Vuelos desde y hacia Australia.<\/li>\n<li>Comidas no mencionadas en el itinerario.<\/li>\n<li>Actividades y excursiones opcionales.<\/li>\n<\/ul>","protected":false},"excerpt":{"rendered":"<p><em>Duraci\u00f3n: 12 d\u00edas \/ 11 noches<\/em><\/p>\n<p>Emb\u00e1rquese en una aventura por los diversos paisajes de Australia. Explore los lugares emblem\u00e1ticos de S\u00eddney, practique submarinismo o snorkel en la Gran Barrera de Coral y experimente la inmensidad del Outback en Uluru. La belleza natural de Australia y su fauna y flora \u00fanicas le esperan.<\/p>","protected":false},"featured_media":816,"template":"","meta":[],"product_brand":[],"product_cat":[19],"product_tag":[],"class_list":{"0":"post-72","1":"product","2":"type-product","3":"status-publish","4":"has-post-thumbnail","6":"product_cat-travel-plans","8":"first","9":"instock","10":"virtual","11":"taxable","12":"purchasable","13":"product-type-simple"},"_links":{"self":[{"href":"https:\/\/sunset-journeys.com\/es\/wp-json\/wp\/v2\/product\/72","targetHints":{"allow":["GET"]}}],"collection":[{"href":"https:\/\/sunset-journeys.com\/es\/wp-json\/wp\/v2\/product"}],"about":[{"href":"https:\/\/sunset-journeys.com\/es\/wp-json\/wp\/v2\/types\/product"}],"wp:featuredmedia":[{"embeddable":true,"href":"https:\/\/sunset-journeys.com\/es\/wp-json\/wp\/v2\/media\/816"}],"wp:attachment":[{"href":"https:\/\/sunset-journeys.com\/es\/wp-json\/wp\/v2\/media?parent=72"}],"wp:term":[{"taxonomy":"product_brand","embeddable":true,"href":"https:\/\/sunset-journeys.com\/es\/wp-json\/wp\/v2\/product_brand?post=72"},{"taxonomy":"product_cat","embeddable":true,"href":"https:\/\/sunset-journeys.com\/es\/wp-json\/wp\/v2\/product_cat?post=72"},{"taxonomy":"product_tag","embeddable":true,"href":"https:\/\/sunset-journeys.com\/es\/wp-json\/wp\/v2\/product_tag?post=72"}],"curies":[{"name":"wp","href":"https:\/\/api.w.org\/{rel}","templated":true}]}}